{"id":8894,"date":"2023-09-18T11:55:02","date_gmt":"2023-09-18T15:55:02","guid":{"rendered":"https:\/\/nucleom.ca\/?page_id=8894"},"modified":"2023-10-06T10:17:05","modified_gmt":"2023-10-06T14:17:05","slug":"inspeccion-de-lineas-de-transmision","status":"publish","type":"page","link":"https:\/\/nucleom.ca\/es\/industrias\/linea-electrica\/inspeccion-de-lineas-de-transmision\/","title":{"rendered":"Inspecci\u00f3n de l\u00edneas de transmisi\u00f3n"},"content":{"rendered":"","protected":false},"excerpt":{"rendered":"","protected":false},"author":2,"featured_media":0,"parent":7518,"menu_order":91,"comment_status":"closed","ping_status":"closed","template":"","meta":{"_acf_changed":false,"content-type":"","footnotes":""},"class_list":["post-8894","page","type-page","status-publish","hentry"],"acf":[],"yoast_head":"<!-- This site is optimized with the Yoast SEO plugin v24.6 - https:\/\/yoast.com\/wordpress\/plugins\/seo\/ -->\n<title>Inspecci\u00f3n de l\u00edneas de transmisi\u00f3n | Nucleom<\/title>\n<meta name=\"description\" content=\"\u00bfBusca una inspecci\u00f3n de l\u00edneas a\u00e9reas de transmisi\u00f3n? Nucleom ofrece una soluci\u00f3n fiable para los operadores de redes de transmisi\u00f3n y distribuci\u00f3n. Cont\u00e1ctenos!\" \/>\n<meta name=\"robots\" content=\"index, follow, max-snippet:-1, max-image-preview:large, max-video-preview:-1\" \/>\n<link rel=\"canonical\" href=\"https:\/\/nucleom.ca\/es\/industrias\/linea-electrica\/inspeccion-de-lineas-de-transmision\/\" \/>\n<meta property=\"og:locale\" content=\"es_ES\" \/>\n<meta property=\"og:type\" content=\"article\" \/>\n<meta property=\"og:title\" content=\"Inspecci\u00f3n de l\u00edneas de transmisi\u00f3n | Nucleom\" \/>\n<meta property=\"og:description\" content=\"\u00bfBusca una inspecci\u00f3n de l\u00edneas a\u00e9reas de transmisi\u00f3n? Nucleom ofrece una soluci\u00f3n fiable para los operadores de redes de transmisi\u00f3n y distribuci\u00f3n. Cont\u00e1ctenos!\" \/>\n<meta property=\"og:url\" content=\"https:\/\/nucleom.ca\/es\/industrias\/linea-electrica\/inspeccion-de-lineas-de-transmision\/\" \/>\n<meta property=\"og:site_name\" content=\"Nucleom\" \/>\n<meta property=\"article:publisher\" content=\"https:\/\/www.facebook.com\/nucleom\/\" \/>\n<meta property=\"article:modified_time\" content=\"2023-10-06T14:17:05+00:00\" \/>\n<meta property=\"og:image\" content=\"https:\/\/nucleom.ca\/app\/uploads\/2023\/09\/transmission-lines-inspection.jpg\" \/>\n\t<meta property=\"og:image:width\" content=\"1200\" \/>\n\t<meta property=\"og:image:height\" content=\"630\" \/>\n\t<meta property=\"og:image:type\" content=\"image\/jpeg\" \/>\n<meta name=\"twitter:card\" content=\"summary_large_image\" \/>\n<meta name=\"twitter:title\" content=\"Inspecci\u00f3n de l\u00edneas de transmisi\u00f3n | Nucleom\" \/>\n<meta name=\"twitter:description\" content=\"\u00bfBusca una inspecci\u00f3n de l\u00edneas a\u00e9reas de transmisi\u00f3n? Nucleom ofrece una soluci\u00f3n fiable para los operadores de redes de transmisi\u00f3n y distribuci\u00f3n. Cont\u00e1ctenos!\" \/>\n<meta name=\"twitter:image\" content=\"https:\/\/nucleom.ca\/app\/uploads\/2023\/09\/transmission-lines-inspection.jpg\" \/>\n<script type=\"application\/ld+json\" class=\"yoast-schema-graph\">{\"@context\":\"https:\/\/schema.org\",\"@graph\":[{\"@type\":\"WebPage\",\"@id\":\"https:\/\/nucleom.ca\/es\/industrias\/linea-electrica\/inspeccion-de-lineas-de-transmision\/\",\"url\":\"https:\/\/nucleom.ca\/es\/industrias\/linea-electrica\/inspeccion-de-lineas-de-transmision\/\",\"name\":\"Inspecci\u00f3n de l\u00edneas de transmisi\u00f3n | Nucleom\",\"isPartOf\":{\"@id\":\"https:\/\/nucleom.ca\/#website\"},\"datePublished\":\"2023-09-18T15:55:02+00:00\",\"dateModified\":\"2023-10-06T14:17:05+00:00\",\"description\":\"\u00bfBusca una inspecci\u00f3n de l\u00edneas a\u00e9reas de transmisi\u00f3n? Nucleom ofrece una soluci\u00f3n fiable para los operadores de redes de transmisi\u00f3n y distribuci\u00f3n. Cont\u00e1ctenos!\",\"breadcrumb\":{\"@id\":\"https:\/\/nucleom.ca\/es\/industrias\/linea-electrica\/inspeccion-de-lineas-de-transmision\/#breadcrumb\"},\"inLanguage\":\"es\",\"potentialAction\":[{\"@type\":\"ReadAction\",\"target\":[\"https:\/\/nucleom.ca\/es\/industrias\/linea-electrica\/inspeccion-de-lineas-de-transmision\/\"]}]},{\"@type\":\"BreadcrumbList\",\"@id\":\"https:\/\/nucleom.ca\/es\/industrias\/linea-electrica\/inspeccion-de-lineas-de-transmision\/#breadcrumb\",\"itemListElement\":[{\"@type\":\"ListItem\",\"position\":1,\"name\":\"Accueil\",\"item\":\"https:\/\/nucleom.ca\/\"},{\"@type\":\"ListItem\",\"position\":2,\"name\":\"Industrias\",\"item\":\"https:\/\/nucleom.ca\/es\/industrias\/\"},{\"@type\":\"ListItem\",\"position\":3,\"name\":\"L\u00ednea El\u00e9ctrica\",\"item\":\"https:\/\/nucleom.ca\/es\/industrias\/linea-electrica\/\"},{\"@type\":\"ListItem\",\"position\":4,\"name\":\"Inspecci\u00f3n de l\u00edneas de transmisi\u00f3n\"}]},{\"@type\":\"WebSite\",\"@id\":\"https:\/\/nucleom.ca\/#website\",\"url\":\"https:\/\/nucleom.ca\/\",\"name\":\"Nucleom\",\"description\":\"\",\"potentialAction\":[{\"@type\":\"SearchAction\",\"target\":{\"@type\":\"EntryPoint\",\"urlTemplate\":\"https:\/\/nucleom.ca\/?s={search_term_string}\"},\"query-input\":{\"@type\":\"PropertyValueSpecification\",\"valueRequired\":true,\"valueName\":\"search_term_string\"}}],\"inLanguage\":\"es\"}]}<\/script>\n<!-- \/ Yoast SEO plugin. -->","yoast_head_json":{"title":"Inspecci\u00f3n de l\u00edneas de transmisi\u00f3n | Nucleom","description":"\u00bfBusca una inspecci\u00f3n de l\u00edneas a\u00e9reas de transmisi\u00f3n? Nucleom ofrece una soluci\u00f3n fiable para los operadores de redes de transmisi\u00f3n y distribuci\u00f3n. Cont\u00e1ctenos!","robots":{"index":"index","follow":"follow","max-snippet":"max-snippet:-1","max-image-preview":"max-image-preview:large","max-video-preview":"max-video-preview:-1"},"canonical":"https:\/\/nucleom.ca\/es\/industrias\/linea-electrica\/inspeccion-de-lineas-de-transmision\/","og_locale":"es_ES","og_type":"article","og_title":"Inspecci\u00f3n de l\u00edneas de transmisi\u00f3n | Nucleom","og_description":"\u00bfBusca una inspecci\u00f3n de l\u00edneas a\u00e9reas de transmisi\u00f3n? Nucleom ofrece una soluci\u00f3n fiable para los operadores de redes de transmisi\u00f3n y distribuci\u00f3n. Cont\u00e1ctenos!","og_url":"https:\/\/nucleom.ca\/es\/industrias\/linea-electrica\/inspeccion-de-lineas-de-transmision\/","og_site_name":"Nucleom","article_publisher":"https:\/\/www.facebook.com\/nucleom\/","article_modified_time":"2023-10-06T14:17:05+00:00","og_image":[{"width":1200,"height":630,"url":"https:\/\/nucleom.ca\/app\/uploads\/2023\/09\/transmission-lines-inspection.jpg","type":"image\/jpeg"}],"twitter_card":"summary_large_image","twitter_title":"Inspecci\u00f3n de l\u00edneas de transmisi\u00f3n | Nucleom","twitter_description":"\u00bfBusca una inspecci\u00f3n de l\u00edneas a\u00e9reas de transmisi\u00f3n? Nucleom ofrece una soluci\u00f3n fiable para los operadores de redes de transmisi\u00f3n y distribuci\u00f3n. Cont\u00e1ctenos!","twitter_image":"https:\/\/nucleom.ca\/app\/uploads\/2023\/09\/transmission-lines-inspection.jpg","schema":{"@context":"https:\/\/schema.org","@graph":[{"@type":"WebPage","@id":"https:\/\/nucleom.ca\/es\/industrias\/linea-electrica\/inspeccion-de-lineas-de-transmision\/","url":"https:\/\/nucleom.ca\/es\/industrias\/linea-electrica\/inspeccion-de-lineas-de-transmision\/","name":"Inspecci\u00f3n de l\u00edneas de transmisi\u00f3n | Nucleom","isPartOf":{"@id":"https:\/\/nucleom.ca\/#website"},"datePublished":"2023-09-18T15:55:02+00:00","dateModified":"2023-10-06T14:17:05+00:00","description":"\u00bfBusca una inspecci\u00f3n de l\u00edneas a\u00e9reas de transmisi\u00f3n? Nucleom ofrece una soluci\u00f3n fiable para los operadores de redes de transmisi\u00f3n y distribuci\u00f3n. Cont\u00e1ctenos!","breadcrumb":{"@id":"https:\/\/nucleom.ca\/es\/industrias\/linea-electrica\/inspeccion-de-lineas-de-transmision\/#breadcrumb"},"inLanguage":"es","potentialAction":[{"@type":"ReadAction","target":["https:\/\/nucleom.ca\/es\/industrias\/linea-electrica\/inspeccion-de-lineas-de-transmision\/"]}]},{"@type":"BreadcrumbList","@id":"https:\/\/nucleom.ca\/es\/industrias\/linea-electrica\/inspeccion-de-lineas-de-transmision\/#breadcrumb","itemListElement":[{"@type":"ListItem","position":1,"name":"Accueil","item":"https:\/\/nucleom.ca\/"},{"@type":"ListItem","position":2,"name":"Industrias","item":"https:\/\/nucleom.ca\/es\/industrias\/"},{"@type":"ListItem","position":3,"name":"L\u00ednea El\u00e9ctrica","item":"https:\/\/nucleom.ca\/es\/industrias\/linea-electrica\/"},{"@type":"ListItem","position":4,"name":"Inspecci\u00f3n de l\u00edneas de transmisi\u00f3n"}]},{"@type":"WebSite","@id":"https:\/\/nucleom.ca\/#website","url":"https:\/\/nucleom.ca\/","name":"Nucleom","description":"","potentialAction":[{"@type":"SearchAction","target":{"@type":"EntryPoint","urlTemplate":"https:\/\/nucleom.ca\/?s={search_term_string}"},"query-input":{"@type":"PropertyValueSpecification","valueRequired":true,"valueName":"search_term_string"}}],"inLanguage":"es"}]}},"_links":{"self":[{"href":"https:\/\/nucleom.ca\/es\/wp-json\/wp\/v2\/pages\/8894","targetHints":{"allow":["GET"]}}],"collection":[{"href":"https:\/\/nucleom.ca\/es\/wp-json\/wp\/v2\/pages"}],"about":[{"href":"https:\/\/nucleom.ca\/es\/wp-json\/wp\/v2\/types\/page"}],"author":[{"embeddable":true,"href":"https:\/\/nucleom.ca\/es\/wp-json\/wp\/v2\/users\/2"}],"replies":[{"embeddable":true,"href":"https:\/\/nucleom.ca\/es\/wp-json\/wp\/v2\/comments?post=8894"}],"version-history":[{"count":18,"href":"https:\/\/nucleom.ca\/es\/wp-json\/wp\/v2\/pages\/8894\/revisions"}],"predecessor-version":[{"id":9131,"href":"https:\/\/nucleom.ca\/es\/wp-json\/wp\/v2\/pages\/8894\/revisions\/9131"}],"up":[{"embeddable":true,"href":"https:\/\/nucleom.ca\/es\/wp-json\/wp\/v2\/pages\/7518"}],"wp:attachment":[{"href":"https:\/\/nucleom.ca\/es\/wp-json\/wp\/v2\/media?parent=8894"}],"curies":[{"name":"wp","href":"https:\/\/api.w.org\/{rel}","templated":true}]}}