{"id":8506,"date":"2023-07-19T10:53:03","date_gmt":"2023-07-19T14:53:03","guid":{"rendered":"https:\/\/nucleom.ca\/?page_id=8506"},"modified":"2023-07-28T13:09:07","modified_gmt":"2023-07-28T17:09:07","slug":"ingenieria-de-campo","status":"publish","type":"page","link":"https:\/\/nucleom.ca\/es\/servicios\/aplicaciones\/metalurgia\/ingenieria-de-campo\/","title":{"rendered":"Ingenier\u00eda de campo"},"content":{"rendered":"","protected":false},"excerpt":{"rendered":"","protected":false},"author":6,"featured_media":0,"parent":8524,"menu_order":78,"comment_status":"closed","ping_status":"closed","template":"","meta":{"_acf_changed":false,"content-type":"","footnotes":""},"class_list":["post-8506","page","type-page","status-publish","hentry"],"acf":[],"yoast_head":"<!-- This site is optimized with the Yoast SEO plugin v24.6 - https:\/\/yoast.com\/wordpress\/plugins\/seo\/ -->\n<title>Servicios de ingenier\u00eda de campo y metalurgia | Nucleom<\/title>\n<meta name=\"description\" content=\"Nucleom ofrece servicios de ingenier\u00eda de campo para una gran variedad de industrias. P\u00f3ngase en contacto con nosotros hoy mismo.\" \/>\n<meta name=\"robots\" content=\"index, follow, max-snippet:-1, max-image-preview:large, max-video-preview:-1\" \/>\n<link rel=\"canonical\" href=\"https:\/\/nucleom.ca\/es\/servicios\/aplicaciones\/metalurgia\/ingenieria-de-campo\/\" \/>\n<meta property=\"og:locale\" content=\"es_ES\" \/>\n<meta property=\"og:type\" content=\"article\" \/>\n<meta property=\"og:title\" content=\"Servicios de ingenier\u00eda de campo y metalurgia | Nucleom\" \/>\n<meta property=\"og:description\" content=\"Nucleom ofrece servicios de ingenier\u00eda de campo para una gran variedad de industrias. P\u00f3ngase en contacto con nosotros hoy mismo.\" \/>\n<meta property=\"og:url\" content=\"https:\/\/nucleom.ca\/es\/servicios\/aplicaciones\/metalurgia\/ingenieria-de-campo\/\" \/>\n<meta property=\"og:site_name\" content=\"Nucleom\" \/>\n<meta property=\"article:publisher\" content=\"https:\/\/www.facebook.com\/nucleom\/\" \/>\n<meta property=\"article:modified_time\" content=\"2023-07-28T17:09:07+00:00\" \/>\n<meta property=\"og:image\" content=\"https:\/\/nucleom.ca\/app\/uploads\/2023\/07\/pmi-services-dingenierie-terrain.png\" \/>\n\t<meta property=\"og:image:width\" content=\"1200\" \/>\n\t<meta property=\"og:image:height\" content=\"630\" \/>\n\t<meta property=\"og:image:type\" content=\"image\/png\" \/>\n<meta name=\"twitter:card\" content=\"summary_large_image\" \/>\n<meta name=\"twitter:title\" content=\"Servicios de ingenier\u00eda de campo y metalurgia | Nucleom\" \/>\n<meta name=\"twitter:description\" content=\"Nucleom ofrece servicios de ingenier\u00eda de campo para una gran variedad de industrias. P\u00f3ngase en contacto con nosotros hoy mismo.\" \/>\n<meta name=\"twitter:image\" content=\"https:\/\/nucleom.ca\/app\/uploads\/2023\/07\/pmi-services-dingenierie-terrain.png\" \/>\n<script type=\"application\/ld+json\" class=\"yoast-schema-graph\">{\"@context\":\"https:\/\/schema.org\",\"@graph\":[{\"@type\":\"WebPage\",\"@id\":\"https:\/\/nucleom.ca\/es\/servicios\/aplicaciones\/metalurgia\/ingenieria-de-campo\/\",\"url\":\"https:\/\/nucleom.ca\/es\/servicios\/aplicaciones\/metalurgia\/ingenieria-de-campo\/\",\"name\":\"Servicios de ingenier\u00eda de campo y metalurgia | Nucleom\",\"isPartOf\":{\"@id\":\"https:\/\/nucleom.ca\/#website\"},\"datePublished\":\"2023-07-19T14:53:03+00:00\",\"dateModified\":\"2023-07-28T17:09:07+00:00\",\"description\":\"Nucleom ofrece servicios de ingenier\u00eda de campo para una gran variedad de industrias. P\u00f3ngase en contacto con nosotros hoy mismo.\",\"breadcrumb\":{\"@id\":\"https:\/\/nucleom.ca\/es\/servicios\/aplicaciones\/metalurgia\/ingenieria-de-campo\/#breadcrumb\"},\"inLanguage\":\"es\",\"potentialAction\":[{\"@type\":\"ReadAction\",\"target\":[\"https:\/\/nucleom.ca\/es\/servicios\/aplicaciones\/metalurgia\/ingenieria-de-campo\/\"]}]},{\"@type\":\"BreadcrumbList\",\"@id\":\"https:\/\/nucleom.ca\/es\/servicios\/aplicaciones\/metalurgia\/ingenieria-de-campo\/#breadcrumb\",\"itemListElement\":[{\"@type\":\"ListItem\",\"position\":1,\"name\":\"Accueil\",\"item\":\"https:\/\/nucleom.ca\/\"},{\"@type\":\"ListItem\",\"position\":2,\"name\":\"Servicios\",\"item\":\"https:\/\/nucleom.ca\/es\/servicios\/\"},{\"@type\":\"ListItem\",\"position\":3,\"name\":\"Aplicaciones\",\"item\":\"https:\/\/nucleom.ca\/es\/servicios\/aplicaciones\/\"},{\"@type\":\"ListItem\",\"position\":4,\"name\":\"Metalurgia\",\"item\":\"https:\/\/nucleom.ca\/es\/servicios\/aplicaciones\/metalurgia\/\"},{\"@type\":\"ListItem\",\"position\":5,\"name\":\"Ingenier\u00eda de campo\"}]},{\"@type\":\"WebSite\",\"@id\":\"https:\/\/nucleom.ca\/#website\",\"url\":\"https:\/\/nucleom.ca\/\",\"name\":\"Nucleom\",\"description\":\"\",\"potentialAction\":[{\"@type\":\"SearchAction\",\"target\":{\"@type\":\"EntryPoint\",\"urlTemplate\":\"https:\/\/nucleom.ca\/?s={search_term_string}\"},\"query-input\":{\"@type\":\"PropertyValueSpecification\",\"valueRequired\":true,\"valueName\":\"search_term_string\"}}],\"inLanguage\":\"es\"}]}<\/script>\n<!-- \/ Yoast SEO plugin. -->","yoast_head_json":{"title":"Servicios de ingenier\u00eda de campo y metalurgia | Nucleom","description":"Nucleom ofrece servicios de ingenier\u00eda de campo para una gran variedad de industrias. P\u00f3ngase en contacto con nosotros hoy mismo.","robots":{"index":"index","follow":"follow","max-snippet":"max-snippet:-1","max-image-preview":"max-image-preview:large","max-video-preview":"max-video-preview:-1"},"canonical":"https:\/\/nucleom.ca\/es\/servicios\/aplicaciones\/metalurgia\/ingenieria-de-campo\/","og_locale":"es_ES","og_type":"article","og_title":"Servicios de ingenier\u00eda de campo y metalurgia | Nucleom","og_description":"Nucleom ofrece servicios de ingenier\u00eda de campo para una gran variedad de industrias. P\u00f3ngase en contacto con nosotros hoy mismo.","og_url":"https:\/\/nucleom.ca\/es\/servicios\/aplicaciones\/metalurgia\/ingenieria-de-campo\/","og_site_name":"Nucleom","article_publisher":"https:\/\/www.facebook.com\/nucleom\/","article_modified_time":"2023-07-28T17:09:07+00:00","og_image":[{"width":1200,"height":630,"url":"https:\/\/nucleom.ca\/app\/uploads\/2023\/07\/pmi-services-dingenierie-terrain.png","type":"image\/png"}],"twitter_card":"summary_large_image","twitter_title":"Servicios de ingenier\u00eda de campo y metalurgia | Nucleom","twitter_description":"Nucleom ofrece servicios de ingenier\u00eda de campo para una gran variedad de industrias. P\u00f3ngase en contacto con nosotros hoy mismo.","twitter_image":"https:\/\/nucleom.ca\/app\/uploads\/2023\/07\/pmi-services-dingenierie-terrain.png","schema":{"@context":"https:\/\/schema.org","@graph":[{"@type":"WebPage","@id":"https:\/\/nucleom.ca\/es\/servicios\/aplicaciones\/metalurgia\/ingenieria-de-campo\/","url":"https:\/\/nucleom.ca\/es\/servicios\/aplicaciones\/metalurgia\/ingenieria-de-campo\/","name":"Servicios de ingenier\u00eda de campo y metalurgia | Nucleom","isPartOf":{"@id":"https:\/\/nucleom.ca\/#website"},"datePublished":"2023-07-19T14:53:03+00:00","dateModified":"2023-07-28T17:09:07+00:00","description":"Nucleom ofrece servicios de ingenier\u00eda de campo para una gran variedad de industrias. P\u00f3ngase en contacto con nosotros hoy mismo.","breadcrumb":{"@id":"https:\/\/nucleom.ca\/es\/servicios\/aplicaciones\/metalurgia\/ingenieria-de-campo\/#breadcrumb"},"inLanguage":"es","potentialAction":[{"@type":"ReadAction","target":["https:\/\/nucleom.ca\/es\/servicios\/aplicaciones\/metalurgia\/ingenieria-de-campo\/"]}]},{"@type":"BreadcrumbList","@id":"https:\/\/nucleom.ca\/es\/servicios\/aplicaciones\/metalurgia\/ingenieria-de-campo\/#breadcrumb","itemListElement":[{"@type":"ListItem","position":1,"name":"Accueil","item":"https:\/\/nucleom.ca\/"},{"@type":"ListItem","position":2,"name":"Servicios","item":"https:\/\/nucleom.ca\/es\/servicios\/"},{"@type":"ListItem","position":3,"name":"Aplicaciones","item":"https:\/\/nucleom.ca\/es\/servicios\/aplicaciones\/"},{"@type":"ListItem","position":4,"name":"Metalurgia","item":"https:\/\/nucleom.ca\/es\/servicios\/aplicaciones\/metalurgia\/"},{"@type":"ListItem","position":5,"name":"Ingenier\u00eda de campo"}]},{"@type":"WebSite","@id":"https:\/\/nucleom.ca\/#website","url":"https:\/\/nucleom.ca\/","name":"Nucleom","description":"","potentialAction":[{"@type":"SearchAction","target":{"@type":"EntryPoint","urlTemplate":"https:\/\/nucleom.ca\/?s={search_term_string}"},"query-input":{"@type":"PropertyValueSpecification","valueRequired":true,"valueName":"search_term_string"}}],"inLanguage":"es"}]}},"_links":{"self":[{"href":"https:\/\/nucleom.ca\/es\/wp-json\/wp\/v2\/pages\/8506","targetHints":{"allow":["GET"]}}],"collection":[{"href":"https:\/\/nucleom.ca\/es\/wp-json\/wp\/v2\/pages"}],"about":[{"href":"https:\/\/nucleom.ca\/es\/wp-json\/wp\/v2\/types\/page"}],"author":[{"embeddable":true,"href":"https:\/\/nucleom.ca\/es\/wp-json\/wp\/v2\/users\/6"}],"replies":[{"embeddable":true,"href":"https:\/\/nucleom.ca\/es\/wp-json\/wp\/v2\/comments?post=8506"}],"version-history":[{"count":5,"href":"https:\/\/nucleom.ca\/es\/wp-json\/wp\/v2\/pages\/8506\/revisions"}],"predecessor-version":[{"id":9637,"href":"https:\/\/nucleom.ca\/es\/wp-json\/wp\/v2\/pages\/8506\/revisions\/9637"}],"up":[{"embeddable":true,"href":"https:\/\/nucleom.ca\/es\/wp-json\/wp\/v2\/pages\/8524"}],"wp:attachment":[{"href":"https:\/\/nucleom.ca\/es\/wp-json\/wp\/v2\/media?parent=8506"}],"curies":[{"name":"wp","href":"https:\/\/api.w.org\/{rel}","templated":true}]}}