{"id":5956,"date":"2022-08-12T13:23:48","date_gmt":"2022-08-12T17:23:48","guid":{"rendered":"https:\/\/nucleom.ca\/?page_id=5956"},"modified":"2024-07-29T11:51:18","modified_gmt":"2024-07-29T15:51:18","slug":"inspeccion-de-placas","status":"publish","type":"page","link":"https:\/\/nucleom.ca\/es\/servicios\/aplicaciones\/inspeccion-de-placas\/","title":{"rendered":"Inspecci\u00f3n de placas"},"content":{"rendered":"","protected":false},"excerpt":{"rendered":"","protected":false},"author":2,"featured_media":0,"parent":5799,"menu_order":125,"comment_status":"closed","ping_status":"closed","template":"","meta":{"_acf_changed":false,"content-type":"","footnotes":""},"class_list":["post-5956","page","type-page","status-publish","hentry"],"acf":[],"yoast_head":"<!-- This site is optimized with the Yoast SEO plugin v24.6 - https:\/\/yoast.com\/wordpress\/plugins\/seo\/ -->\n<title>Inspecci\u00f3n de placas | Nucleom<\/title>\n<meta name=\"description\" content=\"El esc\u00e1ner de placas Nufloor es un dispositivo de adquisici\u00f3n de datos por ultrasonidos para la inspecci\u00f3n de grandes placas de acero. M\u00e1s informaci\u00f3n.\" \/>\n<meta name=\"robots\" content=\"index, follow, max-snippet:-1, max-image-preview:large, max-video-preview:-1\" \/>\n<link rel=\"canonical\" href=\"https:\/\/nucleom.ca\/es\/servicios\/aplicaciones\/inspeccion-de-placas\/\" \/>\n<meta property=\"og:locale\" content=\"es_ES\" \/>\n<meta property=\"og:type\" content=\"article\" \/>\n<meta property=\"og:title\" content=\"Inspecci\u00f3n de placas | Nucleom\" \/>\n<meta property=\"og:description\" content=\"El esc\u00e1ner de placas Nufloor es un dispositivo de adquisici\u00f3n de datos por ultrasonidos para la inspecci\u00f3n de grandes placas de acero. M\u00e1s informaci\u00f3n.\" \/>\n<meta property=\"og:url\" content=\"https:\/\/nucleom.ca\/es\/servicios\/aplicaciones\/inspeccion-de-placas\/\" \/>\n<meta property=\"og:site_name\" content=\"Nucleom\" \/>\n<meta property=\"article:publisher\" content=\"https:\/\/www.facebook.com\/nucleom\/\" \/>\n<meta property=\"article:modified_time\" content=\"2024-07-29T15:51:18+00:00\" \/>\n<meta property=\"og:image\" content=\"https:\/\/nucleom.ca\/app\/uploads\/2022\/08\/site-web-image-rs.png\" \/>\n\t<meta property=\"og:image:width\" content=\"1200\" \/>\n\t<meta property=\"og:image:height\" content=\"630\" \/>\n\t<meta property=\"og:image:type\" content=\"image\/png\" \/>\n<meta name=\"twitter:card\" content=\"summary_large_image\" \/>\n<meta name=\"twitter:label1\" content=\"Est. reading time\" \/>\n\t<meta name=\"twitter:data1\" content=\"3 minutos\" \/>\n<script type=\"application\/ld+json\" class=\"yoast-schema-graph\">{\"@context\":\"https:\/\/schema.org\",\"@graph\":[{\"@type\":\"WebPage\",\"@id\":\"https:\/\/nucleom.ca\/es\/servicios\/aplicaciones\/inspeccion-de-placas\/\",\"url\":\"https:\/\/nucleom.ca\/es\/servicios\/aplicaciones\/inspeccion-de-placas\/\",\"name\":\"Inspecci\u00f3n de placas | Nucleom\",\"isPartOf\":{\"@id\":\"https:\/\/nucleom.ca\/#website\"},\"datePublished\":\"2022-08-12T17:23:48+00:00\",\"dateModified\":\"2024-07-29T15:51:18+00:00\",\"description\":\"El esc\u00e1ner de placas Nufloor es un dispositivo de adquisici\u00f3n de datos por ultrasonidos para la inspecci\u00f3n de grandes placas de acero. M\u00e1s informaci\u00f3n.\",\"breadcrumb\":{\"@id\":\"https:\/\/nucleom.ca\/es\/servicios\/aplicaciones\/inspeccion-de-placas\/#breadcrumb\"},\"inLanguage\":\"es\",\"potentialAction\":[{\"@type\":\"ReadAction\",\"target\":[\"https:\/\/nucleom.ca\/es\/servicios\/aplicaciones\/inspeccion-de-placas\/\"]}]},{\"@type\":\"BreadcrumbList\",\"@id\":\"https:\/\/nucleom.ca\/es\/servicios\/aplicaciones\/inspeccion-de-placas\/#breadcrumb\",\"itemListElement\":[{\"@type\":\"ListItem\",\"position\":1,\"name\":\"Accueil\",\"item\":\"https:\/\/nucleom.ca\/\"},{\"@type\":\"ListItem\",\"position\":2,\"name\":\"Servicios\",\"item\":\"https:\/\/nucleom.ca\/es\/servicios\/\"},{\"@type\":\"ListItem\",\"position\":3,\"name\":\"Aplicaciones\",\"item\":\"https:\/\/nucleom.ca\/es\/servicios\/aplicaciones\/\"},{\"@type\":\"ListItem\",\"position\":4,\"name\":\"Inspecci\u00f3n de placas\"}]},{\"@type\":\"WebSite\",\"@id\":\"https:\/\/nucleom.ca\/#website\",\"url\":\"https:\/\/nucleom.ca\/\",\"name\":\"Nucleom\",\"description\":\"\",\"potentialAction\":[{\"@type\":\"SearchAction\",\"target\":{\"@type\":\"EntryPoint\",\"urlTemplate\":\"https:\/\/nucleom.ca\/?s={search_term_string}\"},\"query-input\":{\"@type\":\"PropertyValueSpecification\",\"valueRequired\":true,\"valueName\":\"search_term_string\"}}],\"inLanguage\":\"es\"}]}<\/script>\n<!-- \/ Yoast SEO plugin. -->","yoast_head_json":{"title":"Inspecci\u00f3n de placas | Nucleom","description":"El esc\u00e1ner de placas Nufloor es un dispositivo de adquisici\u00f3n de datos por ultrasonidos para la inspecci\u00f3n de grandes placas de acero. M\u00e1s informaci\u00f3n.","robots":{"index":"index","follow":"follow","max-snippet":"max-snippet:-1","max-image-preview":"max-image-preview:large","max-video-preview":"max-video-preview:-1"},"canonical":"https:\/\/nucleom.ca\/es\/servicios\/aplicaciones\/inspeccion-de-placas\/","og_locale":"es_ES","og_type":"article","og_title":"Inspecci\u00f3n de placas | Nucleom","og_description":"El esc\u00e1ner de placas Nufloor es un dispositivo de adquisici\u00f3n de datos por ultrasonidos para la inspecci\u00f3n de grandes placas de acero. M\u00e1s informaci\u00f3n.","og_url":"https:\/\/nucleom.ca\/es\/servicios\/aplicaciones\/inspeccion-de-placas\/","og_site_name":"Nucleom","article_publisher":"https:\/\/www.facebook.com\/nucleom\/","article_modified_time":"2024-07-29T15:51:18+00:00","og_image":[{"width":1200,"height":630,"url":"https:\/\/nucleom.ca\/app\/uploads\/2022\/08\/site-web-image-rs.png","type":"image\/png"}],"twitter_card":"summary_large_image","twitter_misc":{"Est. reading time":"3 minutos"},"schema":{"@context":"https:\/\/schema.org","@graph":[{"@type":"WebPage","@id":"https:\/\/nucleom.ca\/es\/servicios\/aplicaciones\/inspeccion-de-placas\/","url":"https:\/\/nucleom.ca\/es\/servicios\/aplicaciones\/inspeccion-de-placas\/","name":"Inspecci\u00f3n de placas | Nucleom","isPartOf":{"@id":"https:\/\/nucleom.ca\/#website"},"datePublished":"2022-08-12T17:23:48+00:00","dateModified":"2024-07-29T15:51:18+00:00","description":"El esc\u00e1ner de placas Nufloor es un dispositivo de adquisici\u00f3n de datos por ultrasonidos para la inspecci\u00f3n de grandes placas de acero. M\u00e1s informaci\u00f3n.","breadcrumb":{"@id":"https:\/\/nucleom.ca\/es\/servicios\/aplicaciones\/inspeccion-de-placas\/#breadcrumb"},"inLanguage":"es","potentialAction":[{"@type":"ReadAction","target":["https:\/\/nucleom.ca\/es\/servicios\/aplicaciones\/inspeccion-de-placas\/"]}]},{"@type":"BreadcrumbList","@id":"https:\/\/nucleom.ca\/es\/servicios\/aplicaciones\/inspeccion-de-placas\/#breadcrumb","itemListElement":[{"@type":"ListItem","position":1,"name":"Accueil","item":"https:\/\/nucleom.ca\/"},{"@type":"ListItem","position":2,"name":"Servicios","item":"https:\/\/nucleom.ca\/es\/servicios\/"},{"@type":"ListItem","position":3,"name":"Aplicaciones","item":"https:\/\/nucleom.ca\/es\/servicios\/aplicaciones\/"},{"@type":"ListItem","position":4,"name":"Inspecci\u00f3n de placas"}]},{"@type":"WebSite","@id":"https:\/\/nucleom.ca\/#website","url":"https:\/\/nucleom.ca\/","name":"Nucleom","description":"","potentialAction":[{"@type":"SearchAction","target":{"@type":"EntryPoint","urlTemplate":"https:\/\/nucleom.ca\/?s={search_term_string}"},"query-input":{"@type":"PropertyValueSpecification","valueRequired":true,"valueName":"search_term_string"}}],"inLanguage":"es"}]}},"_links":{"self":[{"href":"https:\/\/nucleom.ca\/es\/wp-json\/wp\/v2\/pages\/5956","targetHints":{"allow":["GET"]}}],"collection":[{"href":"https:\/\/nucleom.ca\/es\/wp-json\/wp\/v2\/pages"}],"about":[{"href":"https:\/\/nucleom.ca\/es\/wp-json\/wp\/v2\/types\/page"}],"author":[{"embeddable":true,"href":"https:\/\/nucleom.ca\/es\/wp-json\/wp\/v2\/users\/2"}],"replies":[{"embeddable":true,"href":"https:\/\/nucleom.ca\/es\/wp-json\/wp\/v2\/comments?post=5956"}],"version-history":[{"count":19,"href":"https:\/\/nucleom.ca\/es\/wp-json\/wp\/v2\/pages\/5956\/revisions"}],"predecessor-version":[{"id":9320,"href":"https:\/\/nucleom.ca\/es\/wp-json\/wp\/v2\/pages\/5956\/revisions\/9320"}],"up":[{"embeddable":true,"href":"https:\/\/nucleom.ca\/es\/wp-json\/wp\/v2\/pages\/5799"}],"wp:attachment":[{"href":"https:\/\/nucleom.ca\/es\/wp-json\/wp\/v2\/media?parent=5956"}],"curies":[{"name":"wp","href":"https:\/\/api.w.org\/{rel}","templated":true}]}}