{"id":5387,"date":"2022-07-11T11:17:29","date_gmt":"2022-07-11T15:17:29","guid":{"rendered":"https:\/\/nucleom.ca\/?page_id=5387"},"modified":"2023-10-06T13:32:28","modified_gmt":"2023-10-06T17:32:28","slug":"ingenieria-de-campo","status":"publish","type":"page","link":"https:\/\/nucleom.ca\/es\/servicios\/ingenieria-de-campo\/","title":{"rendered":"Ingenier\u00eda de campo"},"content":{"rendered":"","protected":false},"excerpt":{"rendered":"","protected":false},"author":6,"featured_media":0,"parent":237,"menu_order":140,"comment_status":"closed","ping_status":"closed","template":"","meta":{"_acf_changed":false,"content-type":"","footnotes":""},"class_list":["post-5387","page","type-page","status-publish","hentry"],"acf":[],"yoast_head":"<!-- This site is optimized with the Yoast SEO plugin v24.6 - https:\/\/yoast.com\/wordpress\/plugins\/seo\/ -->\n<title>Ingenier\u00eda de campo | Empresa de END con sede y propiedad en Canad\u00e1 | Nucleom<\/title>\n<meta name=\"description\" content=\"Nucleom ofrece un an\u00e1lisis qu\u00edmico completo. Para saber m\u00e1s sobre los servicios que ofrece nuestra empresa, haga clic aqu\u00ed.\" \/>\n<meta name=\"robots\" content=\"index, follow, max-snippet:-1, max-image-preview:large, max-video-preview:-1\" \/>\n<link rel=\"canonical\" href=\"https:\/\/nucleom.ca\/es\/servicios\/ingenieria-de-campo\/\" \/>\n<meta property=\"og:locale\" content=\"es_ES\" \/>\n<meta property=\"og:type\" content=\"article\" \/>\n<meta property=\"og:title\" content=\"Ingenier\u00eda de campo | Empresa de END con sede y propiedad en Canad\u00e1 | Nucleom\" \/>\n<meta property=\"og:description\" content=\"Nucleom ofrece un an\u00e1lisis qu\u00edmico completo. Para saber m\u00e1s sobre los servicios que ofrece nuestra empresa, haga clic aqu\u00ed.\" \/>\n<meta property=\"og:url\" content=\"https:\/\/nucleom.ca\/es\/servicios\/ingenieria-de-campo\/\" \/>\n<meta property=\"og:site_name\" content=\"Nucleom\" \/>\n<meta property=\"article:publisher\" content=\"https:\/\/www.facebook.com\/nucleom\/\" \/>\n<meta property=\"article:modified_time\" content=\"2023-10-06T17:32:28+00:00\" \/>\n<meta name=\"twitter:card\" content=\"summary_large_image\" \/>\n<script type=\"application\/ld+json\" class=\"yoast-schema-graph\">{\"@context\":\"https:\/\/schema.org\",\"@graph\":[{\"@type\":\"WebPage\",\"@id\":\"https:\/\/nucleom.ca\/es\/servicios\/ingenieria-de-campo\/\",\"url\":\"https:\/\/nucleom.ca\/es\/servicios\/ingenieria-de-campo\/\",\"name\":\"Ingenier\u00eda de campo | Empresa de END con sede y propiedad en Canad\u00e1 | Nucleom\",\"isPartOf\":{\"@id\":\"https:\/\/nucleom.ca\/#website\"},\"datePublished\":\"2022-07-11T15:17:29+00:00\",\"dateModified\":\"2023-10-06T17:32:28+00:00\",\"description\":\"Nucleom ofrece un an\u00e1lisis qu\u00edmico completo. Para saber m\u00e1s sobre los servicios que ofrece nuestra empresa, haga clic aqu\u00ed.\",\"breadcrumb\":{\"@id\":\"https:\/\/nucleom.ca\/es\/servicios\/ingenieria-de-campo\/#breadcrumb\"},\"inLanguage\":\"es\",\"potentialAction\":[{\"@type\":\"ReadAction\",\"target\":[\"https:\/\/nucleom.ca\/es\/servicios\/ingenieria-de-campo\/\"]}]},{\"@type\":\"BreadcrumbList\",\"@id\":\"https:\/\/nucleom.ca\/es\/servicios\/ingenieria-de-campo\/#breadcrumb\",\"itemListElement\":[{\"@type\":\"ListItem\",\"position\":1,\"name\":\"Accueil\",\"item\":\"https:\/\/nucleom.ca\/\"},{\"@type\":\"ListItem\",\"position\":2,\"name\":\"Servicios\",\"item\":\"https:\/\/nucleom.ca\/es\/servicios\/\"},{\"@type\":\"ListItem\",\"position\":3,\"name\":\"Ingenier\u00eda de campo\"}]},{\"@type\":\"WebSite\",\"@id\":\"https:\/\/nucleom.ca\/#website\",\"url\":\"https:\/\/nucleom.ca\/\",\"name\":\"Nucleom\",\"description\":\"\",\"potentialAction\":[{\"@type\":\"SearchAction\",\"target\":{\"@type\":\"EntryPoint\",\"urlTemplate\":\"https:\/\/nucleom.ca\/?s={search_term_string}\"},\"query-input\":{\"@type\":\"PropertyValueSpecification\",\"valueRequired\":true,\"valueName\":\"search_term_string\"}}],\"inLanguage\":\"es\"}]}<\/script>\n<!-- \/ Yoast SEO plugin. -->","yoast_head_json":{"title":"Ingenier\u00eda de campo | Empresa de END con sede y propiedad en Canad\u00e1 | Nucleom","description":"Nucleom ofrece un an\u00e1lisis qu\u00edmico completo. Para saber m\u00e1s sobre los servicios que ofrece nuestra empresa, haga clic aqu\u00ed.","robots":{"index":"index","follow":"follow","max-snippet":"max-snippet:-1","max-image-preview":"max-image-preview:large","max-video-preview":"max-video-preview:-1"},"canonical":"https:\/\/nucleom.ca\/es\/servicios\/ingenieria-de-campo\/","og_locale":"es_ES","og_type":"article","og_title":"Ingenier\u00eda de campo | Empresa de END con sede y propiedad en Canad\u00e1 | Nucleom","og_description":"Nucleom ofrece un an\u00e1lisis qu\u00edmico completo. Para saber m\u00e1s sobre los servicios que ofrece nuestra empresa, haga clic aqu\u00ed.","og_url":"https:\/\/nucleom.ca\/es\/servicios\/ingenieria-de-campo\/","og_site_name":"Nucleom","article_publisher":"https:\/\/www.facebook.com\/nucleom\/","article_modified_time":"2023-10-06T17:32:28+00:00","twitter_card":"summary_large_image","schema":{"@context":"https:\/\/schema.org","@graph":[{"@type":"WebPage","@id":"https:\/\/nucleom.ca\/es\/servicios\/ingenieria-de-campo\/","url":"https:\/\/nucleom.ca\/es\/servicios\/ingenieria-de-campo\/","name":"Ingenier\u00eda de campo | Empresa de END con sede y propiedad en Canad\u00e1 | Nucleom","isPartOf":{"@id":"https:\/\/nucleom.ca\/#website"},"datePublished":"2022-07-11T15:17:29+00:00","dateModified":"2023-10-06T17:32:28+00:00","description":"Nucleom ofrece un an\u00e1lisis qu\u00edmico completo. Para saber m\u00e1s sobre los servicios que ofrece nuestra empresa, haga clic aqu\u00ed.","breadcrumb":{"@id":"https:\/\/nucleom.ca\/es\/servicios\/ingenieria-de-campo\/#breadcrumb"},"inLanguage":"es","potentialAction":[{"@type":"ReadAction","target":["https:\/\/nucleom.ca\/es\/servicios\/ingenieria-de-campo\/"]}]},{"@type":"BreadcrumbList","@id":"https:\/\/nucleom.ca\/es\/servicios\/ingenieria-de-campo\/#breadcrumb","itemListElement":[{"@type":"ListItem","position":1,"name":"Accueil","item":"https:\/\/nucleom.ca\/"},{"@type":"ListItem","position":2,"name":"Servicios","item":"https:\/\/nucleom.ca\/es\/servicios\/"},{"@type":"ListItem","position":3,"name":"Ingenier\u00eda de campo"}]},{"@type":"WebSite","@id":"https:\/\/nucleom.ca\/#website","url":"https:\/\/nucleom.ca\/","name":"Nucleom","description":"","potentialAction":[{"@type":"SearchAction","target":{"@type":"EntryPoint","urlTemplate":"https:\/\/nucleom.ca\/?s={search_term_string}"},"query-input":{"@type":"PropertyValueSpecification","valueRequired":true,"valueName":"search_term_string"}}],"inLanguage":"es"}]}},"_links":{"self":[{"href":"https:\/\/nucleom.ca\/es\/wp-json\/wp\/v2\/pages\/5387","targetHints":{"allow":["GET"]}}],"collection":[{"href":"https:\/\/nucleom.ca\/es\/wp-json\/wp\/v2\/pages"}],"about":[{"href":"https:\/\/nucleom.ca\/es\/wp-json\/wp\/v2\/types\/page"}],"author":[{"embeddable":true,"href":"https:\/\/nucleom.ca\/es\/wp-json\/wp\/v2\/users\/6"}],"replies":[{"embeddable":true,"href":"https:\/\/nucleom.ca\/es\/wp-json\/wp\/v2\/comments?post=5387"}],"version-history":[{"count":7,"href":"https:\/\/nucleom.ca\/es\/wp-json\/wp\/v2\/pages\/5387\/revisions"}],"predecessor-version":[{"id":9156,"href":"https:\/\/nucleom.ca\/es\/wp-json\/wp\/v2\/pages\/5387\/revisions\/9156"}],"up":[{"embeddable":true,"href":"https:\/\/nucleom.ca\/es\/wp-json\/wp\/v2\/pages\/237"}],"wp:attachment":[{"href":"https:\/\/nucleom.ca\/es\/wp-json\/wp\/v2\/media?parent=5387"}],"curies":[{"name":"wp","href":"https:\/\/api.w.org\/{rel}","templated":true}]}}