{"id":336,"date":"2018-04-09T13:01:04","date_gmt":"2018-04-09T17:01:04","guid":{"rendered":"https:\/\/nucleom.ca\/?page_id=336"},"modified":"2023-07-20T11:47:08","modified_gmt":"2023-07-20T15:47:08","slug":"tuberias-pipelines","status":"publish","type":"page","link":"https:\/\/nucleom.ca\/es\/servicios\/aplicaciones\/tuberias-pipelines\/","title":{"rendered":"Tuber\u00edas (pipelines)"},"content":{"rendered":"","protected":false},"excerpt":{"rendered":"","protected":false},"author":1,"featured_media":0,"parent":5799,"menu_order":216,"comment_status":"closed","ping_status":"closed","template":"","meta":{"_acf_changed":false,"content-type":"","footnotes":""},"class_list":["post-336","page","type-page","status-publish","hentry"],"acf":[],"yoast_head":"<!-- This site is optimized with the Yoast SEO plugin v24.6 - https:\/\/yoast.com\/wordpress\/plugins\/seo\/ -->\n<title>Inspecci\u00f3n de tuber\u00edas | Ensayos no destructivos | Nucleom<\/title>\n<meta name=\"description\" content=\"\u00bfBusca soluci\u00f3nes de inspecci\u00f3n de tuber\u00edas? Nucleom utiliza t\u00e9cnicas innovadoras para garantizar la fiabilidad. P\u00f3ngase en contacto.\" \/>\n<meta name=\"robots\" content=\"index, follow, max-snippet:-1, max-image-preview:large, max-video-preview:-1\" \/>\n<link rel=\"canonical\" href=\"https:\/\/nucleom.ca\/es\/servicios\/aplicaciones\/tuberias-pipelines\/\" \/>\n<meta property=\"og:locale\" content=\"es_ES\" \/>\n<meta property=\"og:type\" content=\"article\" \/>\n<meta property=\"og:title\" content=\"Inspecci\u00f3n de tuber\u00edas | Ensayos no destructivos | Nucleom\" \/>\n<meta property=\"og:description\" content=\"\u00bfBusca soluci\u00f3nes de inspecci\u00f3n de tuber\u00edas? Nucleom utiliza t\u00e9cnicas innovadoras para garantizar la fiabilidad. P\u00f3ngase en contacto.\" \/>\n<meta property=\"og:url\" content=\"https:\/\/nucleom.ca\/es\/servicios\/aplicaciones\/tuberias-pipelines\/\" \/>\n<meta property=\"og:site_name\" content=\"Nucleom\" \/>\n<meta property=\"article:publisher\" content=\"https:\/\/www.facebook.com\/nucleom\/\" \/>\n<meta property=\"article:modified_time\" content=\"2023-07-20T15:47:08+00:00\" \/>\n<meta property=\"og:image\" content=\"https:\/\/nucleom.ca\/app\/uploads\/2023\/04\/site-web-image-rs-3.png\" \/>\n\t<meta property=\"og:image:width\" content=\"1200\" \/>\n\t<meta property=\"og:image:height\" content=\"630\" \/>\n\t<meta property=\"og:image:type\" content=\"image\/png\" \/>\n<meta name=\"twitter:card\" content=\"summary_large_image\" \/>\n<meta name=\"twitter:title\" content=\"Inspecci\u00f3n de tuber\u00edas | Ensayos no destructivos | Nucleom\" \/>\n<meta name=\"twitter:description\" content=\"\u00bfBusca soluci\u00f3nes de inspecci\u00f3n de tuber\u00edas? Nucleom utiliza t\u00e9cnicas innovadoras para garantizar la fiabilidad. P\u00f3ngase en contacto.\" \/>\n<meta name=\"twitter:image\" content=\"https:\/\/nucleom.ca\/app\/uploads\/2023\/04\/site-web-image-rs-3.png\" \/>\n<script type=\"application\/ld+json\" class=\"yoast-schema-graph\">{\"@context\":\"https:\/\/schema.org\",\"@graph\":[{\"@type\":\"WebPage\",\"@id\":\"https:\/\/nucleom.ca\/es\/servicios\/aplicaciones\/tuberias-pipelines\/\",\"url\":\"https:\/\/nucleom.ca\/es\/servicios\/aplicaciones\/tuberias-pipelines\/\",\"name\":\"Inspecci\u00f3n de tuber\u00edas | Ensayos no destructivos | Nucleom\",\"isPartOf\":{\"@id\":\"https:\/\/nucleom.ca\/#website\"},\"datePublished\":\"2018-04-09T17:01:04+00:00\",\"dateModified\":\"2023-07-20T15:47:08+00:00\",\"description\":\"\u00bfBusca soluci\u00f3nes de inspecci\u00f3n de tuber\u00edas? Nucleom utiliza t\u00e9cnicas innovadoras para garantizar la fiabilidad. P\u00f3ngase en contacto.\",\"breadcrumb\":{\"@id\":\"https:\/\/nucleom.ca\/es\/servicios\/aplicaciones\/tuberias-pipelines\/#breadcrumb\"},\"inLanguage\":\"es\",\"potentialAction\":[{\"@type\":\"ReadAction\",\"target\":[\"https:\/\/nucleom.ca\/es\/servicios\/aplicaciones\/tuberias-pipelines\/\"]}]},{\"@type\":\"BreadcrumbList\",\"@id\":\"https:\/\/nucleom.ca\/es\/servicios\/aplicaciones\/tuberias-pipelines\/#breadcrumb\",\"itemListElement\":[{\"@type\":\"ListItem\",\"position\":1,\"name\":\"Accueil\",\"item\":\"https:\/\/nucleom.ca\/\"},{\"@type\":\"ListItem\",\"position\":2,\"name\":\"Servicios\",\"item\":\"https:\/\/nucleom.ca\/es\/servicios\/\"},{\"@type\":\"ListItem\",\"position\":3,\"name\":\"Aplicaciones\",\"item\":\"https:\/\/nucleom.ca\/es\/servicios\/aplicaciones\/\"},{\"@type\":\"ListItem\",\"position\":4,\"name\":\"Tuber\u00edas (pipelines)\"}]},{\"@type\":\"WebSite\",\"@id\":\"https:\/\/nucleom.ca\/#website\",\"url\":\"https:\/\/nucleom.ca\/\",\"name\":\"Nucleom\",\"description\":\"\",\"potentialAction\":[{\"@type\":\"SearchAction\",\"target\":{\"@type\":\"EntryPoint\",\"urlTemplate\":\"https:\/\/nucleom.ca\/?s={search_term_string}\"},\"query-input\":{\"@type\":\"PropertyValueSpecification\",\"valueRequired\":true,\"valueName\":\"search_term_string\"}}],\"inLanguage\":\"es\"}]}<\/script>\n<!-- \/ Yoast SEO plugin. -->","yoast_head_json":{"title":"Inspecci\u00f3n de tuber\u00edas | Ensayos no destructivos | Nucleom","description":"\u00bfBusca soluci\u00f3nes de inspecci\u00f3n de tuber\u00edas? Nucleom utiliza t\u00e9cnicas innovadoras para garantizar la fiabilidad. P\u00f3ngase en contacto.","robots":{"index":"index","follow":"follow","max-snippet":"max-snippet:-1","max-image-preview":"max-image-preview:large","max-video-preview":"max-video-preview:-1"},"canonical":"https:\/\/nucleom.ca\/es\/servicios\/aplicaciones\/tuberias-pipelines\/","og_locale":"es_ES","og_type":"article","og_title":"Inspecci\u00f3n de tuber\u00edas | Ensayos no destructivos | Nucleom","og_description":"\u00bfBusca soluci\u00f3nes de inspecci\u00f3n de tuber\u00edas? Nucleom utiliza t\u00e9cnicas innovadoras para garantizar la fiabilidad. P\u00f3ngase en contacto.","og_url":"https:\/\/nucleom.ca\/es\/servicios\/aplicaciones\/tuberias-pipelines\/","og_site_name":"Nucleom","article_publisher":"https:\/\/www.facebook.com\/nucleom\/","article_modified_time":"2023-07-20T15:47:08+00:00","og_image":[{"width":1200,"height":630,"url":"https:\/\/nucleom.ca\/app\/uploads\/2023\/04\/site-web-image-rs-3.png","type":"image\/png"}],"twitter_card":"summary_large_image","twitter_title":"Inspecci\u00f3n de tuber\u00edas | Ensayos no destructivos | Nucleom","twitter_description":"\u00bfBusca soluci\u00f3nes de inspecci\u00f3n de tuber\u00edas? Nucleom utiliza t\u00e9cnicas innovadoras para garantizar la fiabilidad. P\u00f3ngase en contacto.","twitter_image":"https:\/\/nucleom.ca\/app\/uploads\/2023\/04\/site-web-image-rs-3.png","schema":{"@context":"https:\/\/schema.org","@graph":[{"@type":"WebPage","@id":"https:\/\/nucleom.ca\/es\/servicios\/aplicaciones\/tuberias-pipelines\/","url":"https:\/\/nucleom.ca\/es\/servicios\/aplicaciones\/tuberias-pipelines\/","name":"Inspecci\u00f3n de tuber\u00edas | Ensayos no destructivos | Nucleom","isPartOf":{"@id":"https:\/\/nucleom.ca\/#website"},"datePublished":"2018-04-09T17:01:04+00:00","dateModified":"2023-07-20T15:47:08+00:00","description":"\u00bfBusca soluci\u00f3nes de inspecci\u00f3n de tuber\u00edas? Nucleom utiliza t\u00e9cnicas innovadoras para garantizar la fiabilidad. P\u00f3ngase en contacto.","breadcrumb":{"@id":"https:\/\/nucleom.ca\/es\/servicios\/aplicaciones\/tuberias-pipelines\/#breadcrumb"},"inLanguage":"es","potentialAction":[{"@type":"ReadAction","target":["https:\/\/nucleom.ca\/es\/servicios\/aplicaciones\/tuberias-pipelines\/"]}]},{"@type":"BreadcrumbList","@id":"https:\/\/nucleom.ca\/es\/servicios\/aplicaciones\/tuberias-pipelines\/#breadcrumb","itemListElement":[{"@type":"ListItem","position":1,"name":"Accueil","item":"https:\/\/nucleom.ca\/"},{"@type":"ListItem","position":2,"name":"Servicios","item":"https:\/\/nucleom.ca\/es\/servicios\/"},{"@type":"ListItem","position":3,"name":"Aplicaciones","item":"https:\/\/nucleom.ca\/es\/servicios\/aplicaciones\/"},{"@type":"ListItem","position":4,"name":"Tuber\u00edas (pipelines)"}]},{"@type":"WebSite","@id":"https:\/\/nucleom.ca\/#website","url":"https:\/\/nucleom.ca\/","name":"Nucleom","description":"","potentialAction":[{"@type":"SearchAction","target":{"@type":"EntryPoint","urlTemplate":"https:\/\/nucleom.ca\/?s={search_term_string}"},"query-input":{"@type":"PropertyValueSpecification","valueRequired":true,"valueName":"search_term_string"}}],"inLanguage":"es"}]}},"_links":{"self":[{"href":"https:\/\/nucleom.ca\/es\/wp-json\/wp\/v2\/pages\/336","targetHints":{"allow":["GET"]}}],"collection":[{"href":"https:\/\/nucleom.ca\/es\/wp-json\/wp\/v2\/pages"}],"about":[{"href":"https:\/\/nucleom.ca\/es\/wp-json\/wp\/v2\/types\/page"}],"author":[{"embeddable":true,"href":"https:\/\/nucleom.ca\/es\/wp-json\/wp\/v2\/users\/1"}],"replies":[{"embeddable":true,"href":"https:\/\/nucleom.ca\/es\/wp-json\/wp\/v2\/comments?post=336"}],"version-history":[{"count":17,"href":"https:\/\/nucleom.ca\/es\/wp-json\/wp\/v2\/pages\/336\/revisions"}],"predecessor-version":[{"id":8645,"href":"https:\/\/nucleom.ca\/es\/wp-json\/wp\/v2\/pages\/336\/revisions\/8645"}],"up":[{"embeddable":true,"href":"https:\/\/nucleom.ca\/es\/wp-json\/wp\/v2\/pages\/5799"}],"wp:attachment":[{"href":"https:\/\/nucleom.ca\/es\/wp-json\/wp\/v2\/media?parent=336"}],"curies":[{"name":"wp","href":"https:\/\/api.w.org\/{rel}","templated":true}]}}