{"id":328,"date":"2018-04-09T12:21:15","date_gmt":"2018-04-09T16:21:15","guid":{"rendered":"https:\/\/nucleom.ca\/?page_id=328"},"modified":"2023-07-12T14:09:10","modified_gmt":"2023-07-12T18:09:10","slug":"nuclear","status":"publish","type":"page","link":"https:\/\/nucleom.ca\/es\/industrias\/nuclear\/","title":{"rendered":"Nuclear"},"content":{"rendered":"","protected":false},"excerpt":{"rendered":"","protected":false},"author":1,"featured_media":0,"parent":326,"menu_order":203,"comment_status":"closed","ping_status":"closed","template":"","meta":{"_acf_changed":false,"content-type":"","footnotes":""},"class_list":["post-328","page","type-page","status-publish","hentry"],"acf":[],"yoast_head":"<!-- This site is optimized with the Yoast SEO plugin v24.6 - https:\/\/yoast.com\/wordpress\/plugins\/seo\/ -->\n<title>Inspecci\u00f3n Nuclear | Ensayos No Destructivos | Nucleom<\/title>\n<meta name=\"description\" content=\"Nucleom ofrece servicios precisos de inspecci\u00f3n nuclear para obtener datos confiables. Cont\u00e1ctanos para optimizar su plan de mantenimiento.\" \/>\n<meta name=\"robots\" content=\"index, follow, max-snippet:-1, max-image-preview:large, max-video-preview:-1\" \/>\n<link rel=\"canonical\" href=\"https:\/\/nucleom.ca\/es\/industrias\/nuclear\/\" \/>\n<meta property=\"og:locale\" content=\"es_ES\" \/>\n<meta property=\"og:type\" content=\"article\" \/>\n<meta property=\"og:title\" content=\"Inspecci\u00f3n Nuclear | Ensayos No Destructivos | Nucleom\" \/>\n<meta property=\"og:description\" content=\"Nucleom ofrece servicios precisos de inspecci\u00f3n nuclear para obtener datos confiables. Cont\u00e1ctanos para optimizar su plan de mantenimiento.\" \/>\n<meta property=\"og:url\" content=\"https:\/\/nucleom.ca\/es\/industrias\/nuclear\/\" \/>\n<meta property=\"og:site_name\" content=\"Nucleom\" \/>\n<meta property=\"article:publisher\" content=\"https:\/\/www.facebook.com\/nucleom\/\" \/>\n<meta property=\"article:modified_time\" content=\"2023-07-12T18:09:10+00:00\" \/>\n<meta property=\"og:image\" content=\"https:\/\/nucleom.ca\/app\/uploads\/2022\/10\/services.png\" \/>\n\t<meta property=\"og:image:width\" content=\"1200\" \/>\n\t<meta property=\"og:image:height\" content=\"630\" \/>\n\t<meta property=\"og:image:type\" content=\"image\/png\" \/>\n<meta name=\"twitter:card\" content=\"summary_large_image\" \/>\n<meta name=\"twitter:title\" content=\"Inspecci\u00f3n Nuclear | Ensayos No Destructivos | Nucleom\" \/>\n<meta name=\"twitter:description\" content=\"Nucleom ofrece servicios precisos de inspecci\u00f3n nuclear para obtener datos confiables. Cont\u00e1ctanos para optimizar su plan de mantenimiento.\" \/>\n<meta name=\"twitter:image\" content=\"https:\/\/nucleom.ca\/app\/uploads\/2022\/10\/services.png\" \/>\n<script type=\"application\/ld+json\" class=\"yoast-schema-graph\">{\"@context\":\"https:\/\/schema.org\",\"@graph\":[{\"@type\":\"WebPage\",\"@id\":\"https:\/\/nucleom.ca\/es\/industrias\/nuclear\/\",\"url\":\"https:\/\/nucleom.ca\/es\/industrias\/nuclear\/\",\"name\":\"Inspecci\u00f3n Nuclear | Ensayos No Destructivos | Nucleom\",\"isPartOf\":{\"@id\":\"https:\/\/nucleom.ca\/#website\"},\"datePublished\":\"2018-04-09T16:21:15+00:00\",\"dateModified\":\"2023-07-12T18:09:10+00:00\",\"description\":\"Nucleom ofrece servicios precisos de inspecci\u00f3n nuclear para obtener datos confiables. Cont\u00e1ctanos para optimizar su plan de mantenimiento.\",\"breadcrumb\":{\"@id\":\"https:\/\/nucleom.ca\/es\/industrias\/nuclear\/#breadcrumb\"},\"inLanguage\":\"es\",\"potentialAction\":[{\"@type\":\"ReadAction\",\"target\":[\"https:\/\/nucleom.ca\/es\/industrias\/nuclear\/\"]}]},{\"@type\":\"BreadcrumbList\",\"@id\":\"https:\/\/nucleom.ca\/es\/industrias\/nuclear\/#breadcrumb\",\"itemListElement\":[{\"@type\":\"ListItem\",\"position\":1,\"name\":\"Accueil\",\"item\":\"https:\/\/nucleom.ca\/\"},{\"@type\":\"ListItem\",\"position\":2,\"name\":\"Industrias\",\"item\":\"https:\/\/nucleom.ca\/es\/industrias\/\"},{\"@type\":\"ListItem\",\"position\":3,\"name\":\"Nuclear\"}]},{\"@type\":\"WebSite\",\"@id\":\"https:\/\/nucleom.ca\/#website\",\"url\":\"https:\/\/nucleom.ca\/\",\"name\":\"Nucleom\",\"description\":\"\",\"potentialAction\":[{\"@type\":\"SearchAction\",\"target\":{\"@type\":\"EntryPoint\",\"urlTemplate\":\"https:\/\/nucleom.ca\/?s={search_term_string}\"},\"query-input\":{\"@type\":\"PropertyValueSpecification\",\"valueRequired\":true,\"valueName\":\"search_term_string\"}}],\"inLanguage\":\"es\"}]}<\/script>\n<!-- \/ Yoast SEO plugin. -->","yoast_head_json":{"title":"Inspecci\u00f3n Nuclear | Ensayos No Destructivos | Nucleom","description":"Nucleom ofrece servicios precisos de inspecci\u00f3n nuclear para obtener datos confiables. Cont\u00e1ctanos para optimizar su plan de mantenimiento.","robots":{"index":"index","follow":"follow","max-snippet":"max-snippet:-1","max-image-preview":"max-image-preview:large","max-video-preview":"max-video-preview:-1"},"canonical":"https:\/\/nucleom.ca\/es\/industrias\/nuclear\/","og_locale":"es_ES","og_type":"article","og_title":"Inspecci\u00f3n Nuclear | Ensayos No Destructivos | Nucleom","og_description":"Nucleom ofrece servicios precisos de inspecci\u00f3n nuclear para obtener datos confiables. Cont\u00e1ctanos para optimizar su plan de mantenimiento.","og_url":"https:\/\/nucleom.ca\/es\/industrias\/nuclear\/","og_site_name":"Nucleom","article_publisher":"https:\/\/www.facebook.com\/nucleom\/","article_modified_time":"2023-07-12T18:09:10+00:00","og_image":[{"width":1200,"height":630,"url":"https:\/\/nucleom.ca\/app\/uploads\/2022\/10\/services.png","type":"image\/png"}],"twitter_card":"summary_large_image","twitter_title":"Inspecci\u00f3n Nuclear | Ensayos No Destructivos | Nucleom","twitter_description":"Nucleom ofrece servicios precisos de inspecci\u00f3n nuclear para obtener datos confiables. Cont\u00e1ctanos para optimizar su plan de mantenimiento.","twitter_image":"https:\/\/nucleom.ca\/app\/uploads\/2022\/10\/services.png","schema":{"@context":"https:\/\/schema.org","@graph":[{"@type":"WebPage","@id":"https:\/\/nucleom.ca\/es\/industrias\/nuclear\/","url":"https:\/\/nucleom.ca\/es\/industrias\/nuclear\/","name":"Inspecci\u00f3n Nuclear | Ensayos No Destructivos | Nucleom","isPartOf":{"@id":"https:\/\/nucleom.ca\/#website"},"datePublished":"2018-04-09T16:21:15+00:00","dateModified":"2023-07-12T18:09:10+00:00","description":"Nucleom ofrece servicios precisos de inspecci\u00f3n nuclear para obtener datos confiables. Cont\u00e1ctanos para optimizar su plan de mantenimiento.","breadcrumb":{"@id":"https:\/\/nucleom.ca\/es\/industrias\/nuclear\/#breadcrumb"},"inLanguage":"es","potentialAction":[{"@type":"ReadAction","target":["https:\/\/nucleom.ca\/es\/industrias\/nuclear\/"]}]},{"@type":"BreadcrumbList","@id":"https:\/\/nucleom.ca\/es\/industrias\/nuclear\/#breadcrumb","itemListElement":[{"@type":"ListItem","position":1,"name":"Accueil","item":"https:\/\/nucleom.ca\/"},{"@type":"ListItem","position":2,"name":"Industrias","item":"https:\/\/nucleom.ca\/es\/industrias\/"},{"@type":"ListItem","position":3,"name":"Nuclear"}]},{"@type":"WebSite","@id":"https:\/\/nucleom.ca\/#website","url":"https:\/\/nucleom.ca\/","name":"Nucleom","description":"","potentialAction":[{"@type":"SearchAction","target":{"@type":"EntryPoint","urlTemplate":"https:\/\/nucleom.ca\/?s={search_term_string}"},"query-input":{"@type":"PropertyValueSpecification","valueRequired":true,"valueName":"search_term_string"}}],"inLanguage":"es"}]}},"_links":{"self":[{"href":"https:\/\/nucleom.ca\/es\/wp-json\/wp\/v2\/pages\/328","targetHints":{"allow":["GET"]}}],"collection":[{"href":"https:\/\/nucleom.ca\/es\/wp-json\/wp\/v2\/pages"}],"about":[{"href":"https:\/\/nucleom.ca\/es\/wp-json\/wp\/v2\/types\/page"}],"author":[{"embeddable":true,"href":"https:\/\/nucleom.ca\/es\/wp-json\/wp\/v2\/users\/1"}],"replies":[{"embeddable":true,"href":"https:\/\/nucleom.ca\/es\/wp-json\/wp\/v2\/comments?post=328"}],"version-history":[{"count":20,"href":"https:\/\/nucleom.ca\/es\/wp-json\/wp\/v2\/pages\/328\/revisions"}],"predecessor-version":[{"id":8377,"href":"https:\/\/nucleom.ca\/es\/wp-json\/wp\/v2\/pages\/328\/revisions\/8377"}],"up":[{"embeddable":true,"href":"https:\/\/nucleom.ca\/es\/wp-json\/wp\/v2\/pages\/326"}],"wp:attachment":[{"href":"https:\/\/nucleom.ca\/es\/wp-json\/wp\/v2\/media?parent=328"}],"curies":[{"name":"wp","href":"https:\/\/api.w.org\/{rel}","templated":true}]}}