{"id":326,"date":"2018-04-09T12:19:30","date_gmt":"2018-04-09T16:19:30","guid":{"rendered":"https:\/\/nucleom.ca\/?page_id=326"},"modified":"2025-05-26T15:03:37","modified_gmt":"2025-05-26T19:03:37","slug":"industrias","status":"publish","type":"page","link":"https:\/\/nucleom.ca\/es\/industrias\/","title":{"rendered":"Industrias"},"content":{"rendered":"","protected":false},"excerpt":{"rendered":"","protected":false},"author":1,"featured_media":0,"parent":0,"menu_order":209,"comment_status":"closed","ping_status":"closed","template":"","meta":{"_acf_changed":false,"content-type":"","footnotes":""},"class_list":["post-326","page","type-page","status-publish","hentry"],"acf":[],"yoast_head":"<!-- This site is optimized with the Yoast SEO plugin v24.6 - https:\/\/yoast.com\/wordpress\/plugins\/seo\/ -->\n<title>Mercados | Industrias | Nuclear | Infraestructuras | Minas | END<\/title>\n<meta name=\"description\" content=\"Nucleom ofrece soluciones de inspecci\u00f3n y servicios de END para diversos mercados e industrias, como la nuclear, petroqu\u00edmica, energ\u00e9tica y...\" \/>\n<meta name=\"robots\" content=\"index, follow, max-snippet:-1, max-image-preview:large, max-video-preview:-1\" \/>\n<link rel=\"canonical\" href=\"https:\/\/nucleom.ca\/es\/industrias\/\" \/>\n<meta property=\"og:locale\" content=\"es_ES\" \/>\n<meta property=\"og:type\" content=\"article\" \/>\n<meta property=\"og:title\" content=\"Mercados | Industrias | Nuclear | Infraestructuras | Minas | END\" \/>\n<meta property=\"og:description\" content=\"Nucleom ofrece soluciones de inspecci\u00f3n y servicios de END para diversos mercados e industrias, como la nuclear, petroqu\u00edmica, energ\u00e9tica y...\" \/>\n<meta property=\"og:url\" content=\"https:\/\/nucleom.ca\/es\/industrias\/\" \/>\n<meta property=\"og:site_name\" content=\"Nucleom\" \/>\n<meta property=\"article:publisher\" content=\"https:\/\/www.facebook.com\/nucleom\/\" \/>\n<meta property=\"article:modified_time\" content=\"2025-05-26T19:03:37+00:00\" \/>\n<meta name=\"twitter:card\" content=\"summary_large_image\" \/>\n<meta name=\"twitter:label1\" content=\"Est. reading time\" \/>\n\t<meta name=\"twitter:data1\" content=\"5 minutos\" \/>\n<script type=\"application\/ld+json\" class=\"yoast-schema-graph\">{\"@context\":\"https:\/\/schema.org\",\"@graph\":[{\"@type\":\"WebPage\",\"@id\":\"https:\/\/nucleom.ca\/es\/industrias\/\",\"url\":\"https:\/\/nucleom.ca\/es\/industrias\/\",\"name\":\"Mercados | Industrias | Nuclear | Infraestructuras | Minas | END\",\"isPartOf\":{\"@id\":\"https:\/\/nucleom.ca\/#website\"},\"datePublished\":\"2018-04-09T16:19:30+00:00\",\"dateModified\":\"2025-05-26T19:03:37+00:00\",\"description\":\"Nucleom ofrece soluciones de inspecci\u00f3n y servicios de END para diversos mercados e industrias, como la nuclear, petroqu\u00edmica, energ\u00e9tica y...\",\"breadcrumb\":{\"@id\":\"https:\/\/nucleom.ca\/es\/industrias\/#breadcrumb\"},\"inLanguage\":\"es\",\"potentialAction\":[{\"@type\":\"ReadAction\",\"target\":[\"https:\/\/nucleom.ca\/es\/industrias\/\"]}]},{\"@type\":\"BreadcrumbList\",\"@id\":\"https:\/\/nucleom.ca\/es\/industrias\/#breadcrumb\",\"itemListElement\":[{\"@type\":\"ListItem\",\"position\":1,\"name\":\"Accueil\",\"item\":\"https:\/\/nucleom.ca\/\"},{\"@type\":\"ListItem\",\"position\":2,\"name\":\"Industrias\"}]},{\"@type\":\"WebSite\",\"@id\":\"https:\/\/nucleom.ca\/#website\",\"url\":\"https:\/\/nucleom.ca\/\",\"name\":\"Nucleom\",\"description\":\"\",\"potentialAction\":[{\"@type\":\"SearchAction\",\"target\":{\"@type\":\"EntryPoint\",\"urlTemplate\":\"https:\/\/nucleom.ca\/?s={search_term_string}\"},\"query-input\":{\"@type\":\"PropertyValueSpecification\",\"valueRequired\":true,\"valueName\":\"search_term_string\"}}],\"inLanguage\":\"es\"}]}<\/script>\n<!-- \/ Yoast SEO plugin. -->","yoast_head_json":{"title":"Mercados | Industrias | Nuclear | Infraestructuras | Minas | END","description":"Nucleom ofrece soluciones de inspecci\u00f3n y servicios de END para diversos mercados e industrias, como la nuclear, petroqu\u00edmica, energ\u00e9tica y...","robots":{"index":"index","follow":"follow","max-snippet":"max-snippet:-1","max-image-preview":"max-image-preview:large","max-video-preview":"max-video-preview:-1"},"canonical":"https:\/\/nucleom.ca\/es\/industrias\/","og_locale":"es_ES","og_type":"article","og_title":"Mercados | Industrias | Nuclear | Infraestructuras | Minas | END","og_description":"Nucleom ofrece soluciones de inspecci\u00f3n y servicios de END para diversos mercados e industrias, como la nuclear, petroqu\u00edmica, energ\u00e9tica y...","og_url":"https:\/\/nucleom.ca\/es\/industrias\/","og_site_name":"Nucleom","article_publisher":"https:\/\/www.facebook.com\/nucleom\/","article_modified_time":"2025-05-26T19:03:37+00:00","twitter_card":"summary_large_image","twitter_misc":{"Est. reading time":"5 minutos"},"schema":{"@context":"https:\/\/schema.org","@graph":[{"@type":"WebPage","@id":"https:\/\/nucleom.ca\/es\/industrias\/","url":"https:\/\/nucleom.ca\/es\/industrias\/","name":"Mercados | Industrias | Nuclear | Infraestructuras | Minas | END","isPartOf":{"@id":"https:\/\/nucleom.ca\/#website"},"datePublished":"2018-04-09T16:19:30+00:00","dateModified":"2025-05-26T19:03:37+00:00","description":"Nucleom ofrece soluciones de inspecci\u00f3n y servicios de END para diversos mercados e industrias, como la nuclear, petroqu\u00edmica, energ\u00e9tica y...","breadcrumb":{"@id":"https:\/\/nucleom.ca\/es\/industrias\/#breadcrumb"},"inLanguage":"es","potentialAction":[{"@type":"ReadAction","target":["https:\/\/nucleom.ca\/es\/industrias\/"]}]},{"@type":"BreadcrumbList","@id":"https:\/\/nucleom.ca\/es\/industrias\/#breadcrumb","itemListElement":[{"@type":"ListItem","position":1,"name":"Accueil","item":"https:\/\/nucleom.ca\/"},{"@type":"ListItem","position":2,"name":"Industrias"}]},{"@type":"WebSite","@id":"https:\/\/nucleom.ca\/#website","url":"https:\/\/nucleom.ca\/","name":"Nucleom","description":"","potentialAction":[{"@type":"SearchAction","target":{"@type":"EntryPoint","urlTemplate":"https:\/\/nucleom.ca\/?s={search_term_string}"},"query-input":{"@type":"PropertyValueSpecification","valueRequired":true,"valueName":"search_term_string"}}],"inLanguage":"es"}]}},"_links":{"self":[{"href":"https:\/\/nucleom.ca\/es\/wp-json\/wp\/v2\/pages\/326","targetHints":{"allow":["GET"]}}],"collection":[{"href":"https:\/\/nucleom.ca\/es\/wp-json\/wp\/v2\/pages"}],"about":[{"href":"https:\/\/nucleom.ca\/es\/wp-json\/wp\/v2\/types\/page"}],"author":[{"embeddable":true,"href":"https:\/\/nucleom.ca\/es\/wp-json\/wp\/v2\/users\/1"}],"replies":[{"embeddable":true,"href":"https:\/\/nucleom.ca\/es\/wp-json\/wp\/v2\/comments?post=326"}],"version-history":[{"count":12,"href":"https:\/\/nucleom.ca\/es\/wp-json\/wp\/v2\/pages\/326\/revisions"}],"predecessor-version":[{"id":9617,"href":"https:\/\/nucleom.ca\/es\/wp-json\/wp\/v2\/pages\/326\/revisions\/9617"}],"wp:attachment":[{"href":"https:\/\/nucleom.ca\/es\/wp-json\/wp\/v2\/media?parent=326"}],"curies":[{"name":"wp","href":"https:\/\/api.w.org\/{rel}","templated":true}]}}