{"id":323,"date":"2018-04-09T12:18:44","date_gmt":"2018-04-09T16:18:44","guid":{"rendered":"https:\/\/nucleom.ca\/?page_id=323"},"modified":"2025-05-27T10:07:56","modified_gmt":"2025-05-27T14:07:56","slug":"inspeccion-visual","status":"publish","type":"page","link":"https:\/\/nucleom.ca\/es\/servicios\/inspeccion-convencional\/inspeccion-visual\/","title":{"rendered":"Inspecci\u00f3n visual"},"content":{"rendered":"","protected":false},"excerpt":{"rendered":"","protected":false},"author":1,"featured_media":0,"parent":281,"menu_order":195,"comment_status":"closed","ping_status":"closed","template":"","meta":{"_acf_changed":false,"content-type":"","footnotes":""},"class_list":["post-323","page","type-page","status-publish","hentry"],"acf":[],"yoast_head":"<!-- This site is optimized with the Yoast SEO plugin v24.6 - https:\/\/yoast.com\/wordpress\/plugins\/seo\/ -->\n<title>Inspecci\u00f3n visual | Ensayos no destructivos (END) | Nucleom<\/title>\n<meta name=\"description\" content=\"Nucleom ofrece soluciones de inspecci\u00f3n visual. Nuestros expertos experimentados utilizan equipos END avanzados. P\u00f3ngase en contacto.\" \/>\n<meta name=\"robots\" content=\"index, follow, max-snippet:-1, max-image-preview:large, max-video-preview:-1\" \/>\n<link rel=\"canonical\" href=\"https:\/\/nucleom.ca\/es\/servicios\/inspeccion-convencional\/inspeccion-visual\/\" \/>\n<meta property=\"og:locale\" content=\"es_ES\" \/>\n<meta property=\"og:type\" content=\"article\" \/>\n<meta property=\"og:title\" content=\"Inspecci\u00f3n visual | Ensayos no destructivos (END) | Nucleom\" \/>\n<meta property=\"og:description\" content=\"Nucleom ofrece soluciones de inspecci\u00f3n visual. Nuestros expertos experimentados utilizan equipos END avanzados. P\u00f3ngase en contacto.\" \/>\n<meta property=\"og:url\" content=\"https:\/\/nucleom.ca\/es\/servicios\/inspeccion-convencional\/inspeccion-visual\/\" \/>\n<meta property=\"og:site_name\" content=\"Nucleom\" \/>\n<meta property=\"article:publisher\" content=\"https:\/\/www.facebook.com\/nucleom\/\" \/>\n<meta property=\"article:modified_time\" content=\"2025-05-27T14:07:56+00:00\" \/>\n<meta name=\"twitter:card\" content=\"summary_large_image\" \/>\n<meta name=\"twitter:title\" content=\"Inspecci\u00f3n visual | Ensayos no destructivos (END) | Nucleom\" \/>\n<meta name=\"twitter:description\" content=\"Nucleom ofrece soluciones de inspecci\u00f3n visual. Nuestros expertos experimentados utilizan equipos END avanzados. P\u00f3ngase en contacto.\" \/>\n<meta name=\"twitter:label1\" content=\"Est. reading time\" \/>\n\t<meta name=\"twitter:data1\" content=\"4 minutos\" \/>\n<script type=\"application\/ld+json\" class=\"yoast-schema-graph\">{\"@context\":\"https:\/\/schema.org\",\"@graph\":[{\"@type\":\"WebPage\",\"@id\":\"https:\/\/nucleom.ca\/es\/servicios\/inspeccion-convencional\/inspeccion-visual\/\",\"url\":\"https:\/\/nucleom.ca\/es\/servicios\/inspeccion-convencional\/inspeccion-visual\/\",\"name\":\"Inspecci\u00f3n visual | Ensayos no destructivos (END) | Nucleom\",\"isPartOf\":{\"@id\":\"https:\/\/nucleom.ca\/#website\"},\"datePublished\":\"2018-04-09T16:18:44+00:00\",\"dateModified\":\"2025-05-27T14:07:56+00:00\",\"description\":\"Nucleom ofrece soluciones de inspecci\u00f3n visual. Nuestros expertos experimentados utilizan equipos END avanzados. P\u00f3ngase en contacto.\",\"breadcrumb\":{\"@id\":\"https:\/\/nucleom.ca\/es\/servicios\/inspeccion-convencional\/inspeccion-visual\/#breadcrumb\"},\"inLanguage\":\"es\",\"potentialAction\":[{\"@type\":\"ReadAction\",\"target\":[\"https:\/\/nucleom.ca\/es\/servicios\/inspeccion-convencional\/inspeccion-visual\/\"]}]},{\"@type\":\"BreadcrumbList\",\"@id\":\"https:\/\/nucleom.ca\/es\/servicios\/inspeccion-convencional\/inspeccion-visual\/#breadcrumb\",\"itemListElement\":[{\"@type\":\"ListItem\",\"position\":1,\"name\":\"Accueil\",\"item\":\"https:\/\/nucleom.ca\/\"},{\"@type\":\"ListItem\",\"position\":2,\"name\":\"Servicios\",\"item\":\"https:\/\/nucleom.ca\/es\/servicios\/\"},{\"@type\":\"ListItem\",\"position\":3,\"name\":\"inspecci\u00f3n convencional\",\"item\":\"https:\/\/nucleom.ca\/es\/servicios\/inspeccion-convencional\/\"},{\"@type\":\"ListItem\",\"position\":4,\"name\":\"Inspecci\u00f3n visual\"}]},{\"@type\":\"WebSite\",\"@id\":\"https:\/\/nucleom.ca\/#website\",\"url\":\"https:\/\/nucleom.ca\/\",\"name\":\"Nucleom\",\"description\":\"\",\"potentialAction\":[{\"@type\":\"SearchAction\",\"target\":{\"@type\":\"EntryPoint\",\"urlTemplate\":\"https:\/\/nucleom.ca\/?s={search_term_string}\"},\"query-input\":{\"@type\":\"PropertyValueSpecification\",\"valueRequired\":true,\"valueName\":\"search_term_string\"}}],\"inLanguage\":\"es\"}]}<\/script>\n<!-- \/ Yoast SEO plugin. -->","yoast_head_json":{"title":"Inspecci\u00f3n visual | Ensayos no destructivos (END) | Nucleom","description":"Nucleom ofrece soluciones de inspecci\u00f3n visual. Nuestros expertos experimentados utilizan equipos END avanzados. P\u00f3ngase en contacto.","robots":{"index":"index","follow":"follow","max-snippet":"max-snippet:-1","max-image-preview":"max-image-preview:large","max-video-preview":"max-video-preview:-1"},"canonical":"https:\/\/nucleom.ca\/es\/servicios\/inspeccion-convencional\/inspeccion-visual\/","og_locale":"es_ES","og_type":"article","og_title":"Inspecci\u00f3n visual | Ensayos no destructivos (END) | Nucleom","og_description":"Nucleom ofrece soluciones de inspecci\u00f3n visual. Nuestros expertos experimentados utilizan equipos END avanzados. P\u00f3ngase en contacto.","og_url":"https:\/\/nucleom.ca\/es\/servicios\/inspeccion-convencional\/inspeccion-visual\/","og_site_name":"Nucleom","article_publisher":"https:\/\/www.facebook.com\/nucleom\/","article_modified_time":"2025-05-27T14:07:56+00:00","twitter_card":"summary_large_image","twitter_title":"Inspecci\u00f3n visual | Ensayos no destructivos (END) | Nucleom","twitter_description":"Nucleom ofrece soluciones de inspecci\u00f3n visual. Nuestros expertos experimentados utilizan equipos END avanzados. P\u00f3ngase en contacto.","twitter_misc":{"Est. reading time":"4 minutos"},"schema":{"@context":"https:\/\/schema.org","@graph":[{"@type":"WebPage","@id":"https:\/\/nucleom.ca\/es\/servicios\/inspeccion-convencional\/inspeccion-visual\/","url":"https:\/\/nucleom.ca\/es\/servicios\/inspeccion-convencional\/inspeccion-visual\/","name":"Inspecci\u00f3n visual | Ensayos no destructivos (END) | Nucleom","isPartOf":{"@id":"https:\/\/nucleom.ca\/#website"},"datePublished":"2018-04-09T16:18:44+00:00","dateModified":"2025-05-27T14:07:56+00:00","description":"Nucleom ofrece soluciones de inspecci\u00f3n visual. Nuestros expertos experimentados utilizan equipos END avanzados. P\u00f3ngase en contacto.","breadcrumb":{"@id":"https:\/\/nucleom.ca\/es\/servicios\/inspeccion-convencional\/inspeccion-visual\/#breadcrumb"},"inLanguage":"es","potentialAction":[{"@type":"ReadAction","target":["https:\/\/nucleom.ca\/es\/servicios\/inspeccion-convencional\/inspeccion-visual\/"]}]},{"@type":"BreadcrumbList","@id":"https:\/\/nucleom.ca\/es\/servicios\/inspeccion-convencional\/inspeccion-visual\/#breadcrumb","itemListElement":[{"@type":"ListItem","position":1,"name":"Accueil","item":"https:\/\/nucleom.ca\/"},{"@type":"ListItem","position":2,"name":"Servicios","item":"https:\/\/nucleom.ca\/es\/servicios\/"},{"@type":"ListItem","position":3,"name":"inspecci\u00f3n convencional","item":"https:\/\/nucleom.ca\/es\/servicios\/inspeccion-convencional\/"},{"@type":"ListItem","position":4,"name":"Inspecci\u00f3n visual"}]},{"@type":"WebSite","@id":"https:\/\/nucleom.ca\/#website","url":"https:\/\/nucleom.ca\/","name":"Nucleom","description":"","potentialAction":[{"@type":"SearchAction","target":{"@type":"EntryPoint","urlTemplate":"https:\/\/nucleom.ca\/?s={search_term_string}"},"query-input":{"@type":"PropertyValueSpecification","valueRequired":true,"valueName":"search_term_string"}}],"inLanguage":"es"}]}},"_links":{"self":[{"href":"https:\/\/nucleom.ca\/es\/wp-json\/wp\/v2\/pages\/323","targetHints":{"allow":["GET"]}}],"collection":[{"href":"https:\/\/nucleom.ca\/es\/wp-json\/wp\/v2\/pages"}],"about":[{"href":"https:\/\/nucleom.ca\/es\/wp-json\/wp\/v2\/types\/page"}],"author":[{"embeddable":true,"href":"https:\/\/nucleom.ca\/es\/wp-json\/wp\/v2\/users\/1"}],"replies":[{"embeddable":true,"href":"https:\/\/nucleom.ca\/es\/wp-json\/wp\/v2\/comments?post=323"}],"version-history":[{"count":19,"href":"https:\/\/nucleom.ca\/es\/wp-json\/wp\/v2\/pages\/323\/revisions"}],"predecessor-version":[{"id":9091,"href":"https:\/\/nucleom.ca\/es\/wp-json\/wp\/v2\/pages\/323\/revisions\/9091"}],"up":[{"embeddable":true,"href":"https:\/\/nucleom.ca\/es\/wp-json\/wp\/v2\/pages\/281"}],"wp:attachment":[{"href":"https:\/\/nucleom.ca\/es\/wp-json\/wp\/v2\/media?parent=323"}],"curies":[{"name":"wp","href":"https:\/\/api.w.org\/{rel}","templated":true}]}}