{"id":319,"date":"2018-04-09T12:12:55","date_gmt":"2018-04-09T16:12:55","guid":{"rendered":"https:\/\/nucleom.ca\/?page_id=319"},"modified":"2023-07-20T13:37:21","modified_gmt":"2023-07-20T17:37:21","slug":"evaluaciones-de-superficies","status":"publish","type":"page","link":"https:\/\/nucleom.ca\/es\/servicios\/inspeccion-convencional\/evaluaciones-de-superficies\/","title":{"rendered":"Evaluaciones de superficies"},"content":{"rendered":"","protected":false},"excerpt":{"rendered":"","protected":false},"author":1,"featured_media":0,"parent":281,"menu_order":192,"comment_status":"closed","ping_status":"closed","template":"","meta":{"_acf_changed":false,"content-type":"","footnotes":""},"class_list":["post-319","page","type-page","status-publish","hentry"],"acf":[],"yoast_head":"<!-- This site is optimized with the Yoast SEO plugin v24.6 - https:\/\/yoast.com\/wordpress\/plugins\/seo\/ -->\n<title>Soluciones de base END | Ensayos no destructivos | Nucleom<\/title>\n<meta name=\"description\" content=\"Frente a sus necesidades de inspecci\u00f3n convencionales\/tradicionales, Nucleom ofrece m\u00faltiples soluciones b\u00e1sicas como LT, PT, MFL, MT y m\u00e1s. Para conocer m\u00e1s, haga click aqu\u00ed.\" \/>\n<meta name=\"robots\" content=\"index, follow, max-snippet:-1, max-image-preview:large, max-video-preview:-1\" \/>\n<link rel=\"canonical\" href=\"https:\/\/nucleom.ca\/es\/servicios\/inspeccion-convencional\/evaluaciones-de-superficies\/\" \/>\n<meta property=\"og:locale\" content=\"es_ES\" \/>\n<meta property=\"og:type\" content=\"article\" \/>\n<meta property=\"og:title\" content=\"Soluciones de base END | Ensayos no destructivos | Nucleom\" \/>\n<meta property=\"og:description\" content=\"Frente a sus necesidades de inspecci\u00f3n convencionales\/tradicionales, Nucleom ofrece m\u00faltiples soluciones b\u00e1sicas como LT, PT, MFL, MT y m\u00e1s. Para conocer m\u00e1s, haga click aqu\u00ed.\" \/>\n<meta property=\"og:url\" content=\"https:\/\/nucleom.ca\/es\/servicios\/inspeccion-convencional\/evaluaciones-de-superficies\/\" \/>\n<meta property=\"og:site_name\" content=\"Nucleom\" \/>\n<meta property=\"article:publisher\" content=\"https:\/\/www.facebook.com\/nucleom\/\" \/>\n<meta property=\"article:modified_time\" content=\"2023-07-20T17:37:21+00:00\" \/>\n<meta name=\"twitter:card\" content=\"summary_large_image\" \/>\n<script type=\"application\/ld+json\" class=\"yoast-schema-graph\">{\"@context\":\"https:\/\/schema.org\",\"@graph\":[{\"@type\":\"WebPage\",\"@id\":\"https:\/\/nucleom.ca\/es\/servicios\/inspeccion-convencional\/evaluaciones-de-superficies\/\",\"url\":\"https:\/\/nucleom.ca\/es\/servicios\/inspeccion-convencional\/evaluaciones-de-superficies\/\",\"name\":\"Soluciones de base END | Ensayos no destructivos | Nucleom\",\"isPartOf\":{\"@id\":\"https:\/\/nucleom.ca\/#website\"},\"datePublished\":\"2018-04-09T16:12:55+00:00\",\"dateModified\":\"2023-07-20T17:37:21+00:00\",\"description\":\"Frente a sus necesidades de inspecci\u00f3n convencionales\/tradicionales, Nucleom ofrece m\u00faltiples soluciones b\u00e1sicas como LT, PT, MFL, MT y m\u00e1s. Para conocer m\u00e1s, haga click aqu\u00ed.\",\"breadcrumb\":{\"@id\":\"https:\/\/nucleom.ca\/es\/servicios\/inspeccion-convencional\/evaluaciones-de-superficies\/#breadcrumb\"},\"inLanguage\":\"es\",\"potentialAction\":[{\"@type\":\"ReadAction\",\"target\":[\"https:\/\/nucleom.ca\/es\/servicios\/inspeccion-convencional\/evaluaciones-de-superficies\/\"]}]},{\"@type\":\"BreadcrumbList\",\"@id\":\"https:\/\/nucleom.ca\/es\/servicios\/inspeccion-convencional\/evaluaciones-de-superficies\/#breadcrumb\",\"itemListElement\":[{\"@type\":\"ListItem\",\"position\":1,\"name\":\"Accueil\",\"item\":\"https:\/\/nucleom.ca\/\"},{\"@type\":\"ListItem\",\"position\":2,\"name\":\"Servicios\",\"item\":\"https:\/\/nucleom.ca\/es\/servicios\/\"},{\"@type\":\"ListItem\",\"position\":3,\"name\":\"inspecci\u00f3n convencional\",\"item\":\"https:\/\/nucleom.ca\/es\/servicios\/inspeccion-convencional\/\"},{\"@type\":\"ListItem\",\"position\":4,\"name\":\"Evaluaciones de superficies\"}]},{\"@type\":\"WebSite\",\"@id\":\"https:\/\/nucleom.ca\/#website\",\"url\":\"https:\/\/nucleom.ca\/\",\"name\":\"Nucleom\",\"description\":\"\",\"potentialAction\":[{\"@type\":\"SearchAction\",\"target\":{\"@type\":\"EntryPoint\",\"urlTemplate\":\"https:\/\/nucleom.ca\/?s={search_term_string}\"},\"query-input\":{\"@type\":\"PropertyValueSpecification\",\"valueRequired\":true,\"valueName\":\"search_term_string\"}}],\"inLanguage\":\"es\"}]}<\/script>\n<!-- \/ Yoast SEO plugin. -->","yoast_head_json":{"title":"Soluciones de base END | Ensayos no destructivos | Nucleom","description":"Frente a sus necesidades de inspecci\u00f3n convencionales\/tradicionales, Nucleom ofrece m\u00faltiples soluciones b\u00e1sicas como LT, PT, MFL, MT y m\u00e1s. Para conocer m\u00e1s, haga click aqu\u00ed.","robots":{"index":"index","follow":"follow","max-snippet":"max-snippet:-1","max-image-preview":"max-image-preview:large","max-video-preview":"max-video-preview:-1"},"canonical":"https:\/\/nucleom.ca\/es\/servicios\/inspeccion-convencional\/evaluaciones-de-superficies\/","og_locale":"es_ES","og_type":"article","og_title":"Soluciones de base END | Ensayos no destructivos | Nucleom","og_description":"Frente a sus necesidades de inspecci\u00f3n convencionales\/tradicionales, Nucleom ofrece m\u00faltiples soluciones b\u00e1sicas como LT, PT, MFL, MT y m\u00e1s. Para conocer m\u00e1s, haga click aqu\u00ed.","og_url":"https:\/\/nucleom.ca\/es\/servicios\/inspeccion-convencional\/evaluaciones-de-superficies\/","og_site_name":"Nucleom","article_publisher":"https:\/\/www.facebook.com\/nucleom\/","article_modified_time":"2023-07-20T17:37:21+00:00","twitter_card":"summary_large_image","schema":{"@context":"https:\/\/schema.org","@graph":[{"@type":"WebPage","@id":"https:\/\/nucleom.ca\/es\/servicios\/inspeccion-convencional\/evaluaciones-de-superficies\/","url":"https:\/\/nucleom.ca\/es\/servicios\/inspeccion-convencional\/evaluaciones-de-superficies\/","name":"Soluciones de base END | Ensayos no destructivos | Nucleom","isPartOf":{"@id":"https:\/\/nucleom.ca\/#website"},"datePublished":"2018-04-09T16:12:55+00:00","dateModified":"2023-07-20T17:37:21+00:00","description":"Frente a sus necesidades de inspecci\u00f3n convencionales\/tradicionales, Nucleom ofrece m\u00faltiples soluciones b\u00e1sicas como LT, PT, MFL, MT y m\u00e1s. Para conocer m\u00e1s, haga click aqu\u00ed.","breadcrumb":{"@id":"https:\/\/nucleom.ca\/es\/servicios\/inspeccion-convencional\/evaluaciones-de-superficies\/#breadcrumb"},"inLanguage":"es","potentialAction":[{"@type":"ReadAction","target":["https:\/\/nucleom.ca\/es\/servicios\/inspeccion-convencional\/evaluaciones-de-superficies\/"]}]},{"@type":"BreadcrumbList","@id":"https:\/\/nucleom.ca\/es\/servicios\/inspeccion-convencional\/evaluaciones-de-superficies\/#breadcrumb","itemListElement":[{"@type":"ListItem","position":1,"name":"Accueil","item":"https:\/\/nucleom.ca\/"},{"@type":"ListItem","position":2,"name":"Servicios","item":"https:\/\/nucleom.ca\/es\/servicios\/"},{"@type":"ListItem","position":3,"name":"inspecci\u00f3n convencional","item":"https:\/\/nucleom.ca\/es\/servicios\/inspeccion-convencional\/"},{"@type":"ListItem","position":4,"name":"Evaluaciones de superficies"}]},{"@type":"WebSite","@id":"https:\/\/nucleom.ca\/#website","url":"https:\/\/nucleom.ca\/","name":"Nucleom","description":"","potentialAction":[{"@type":"SearchAction","target":{"@type":"EntryPoint","urlTemplate":"https:\/\/nucleom.ca\/?s={search_term_string}"},"query-input":{"@type":"PropertyValueSpecification","valueRequired":true,"valueName":"search_term_string"}}],"inLanguage":"es"}]}},"_links":{"self":[{"href":"https:\/\/nucleom.ca\/es\/wp-json\/wp\/v2\/pages\/319","targetHints":{"allow":["GET"]}}],"collection":[{"href":"https:\/\/nucleom.ca\/es\/wp-json\/wp\/v2\/pages"}],"about":[{"href":"https:\/\/nucleom.ca\/es\/wp-json\/wp\/v2\/types\/page"}],"author":[{"embeddable":true,"href":"https:\/\/nucleom.ca\/es\/wp-json\/wp\/v2\/users\/1"}],"replies":[{"embeddable":true,"href":"https:\/\/nucleom.ca\/es\/wp-json\/wp\/v2\/comments?post=319"}],"version-history":[{"count":13,"href":"https:\/\/nucleom.ca\/es\/wp-json\/wp\/v2\/pages\/319\/revisions"}],"predecessor-version":[{"id":8659,"href":"https:\/\/nucleom.ca\/es\/wp-json\/wp\/v2\/pages\/319\/revisions\/8659"}],"up":[{"embeddable":true,"href":"https:\/\/nucleom.ca\/es\/wp-json\/wp\/v2\/pages\/281"}],"wp:attachment":[{"href":"https:\/\/nucleom.ca\/es\/wp-json\/wp\/v2\/media?parent=319"}],"curies":[{"name":"wp","href":"https:\/\/api.w.org\/{rel}","templated":true}]}}