{"id":302,"date":"2018-04-09T11:46:13","date_gmt":"2018-04-09T15:46:13","guid":{"rendered":"https:\/\/nucleom.ca\/?page_id=302"},"modified":"2025-05-27T10:03:18","modified_gmt":"2025-05-27T14:03:18","slug":"tubos","status":"publish","type":"page","link":"https:\/\/nucleom.ca\/es\/servicios\/aplicaciones\/tubos\/","title":{"rendered":"Tubos"},"content":{"rendered":"","protected":false},"excerpt":{"rendered":"","protected":false},"author":1,"featured_media":0,"parent":5799,"menu_order":183,"comment_status":"closed","ping_status":"closed","template":"","meta":{"_acf_changed":false,"content-type":"","footnotes":""},"class_list":["post-302","page","type-page","status-publish","hentry"],"acf":[],"yoast_head":"<!-- This site is optimized with the Yoast SEO plugin v24.6 - https:\/\/yoast.com\/wordpress\/plugins\/seo\/ -->\n<title>Inspecci\u00f3n de tubos | Soluciones: Ensayos no destructivos | Nucleom<\/title>\n<meta name=\"description\" content=\"Frente a sus necesidades de inspecci\u00f3n de tubos, Nucleom le ofrece soluciones en END utilizando las tecnolog\u00edas RFT, MFL, ECT, IRIS, NFT y m\u00e1s. Para conocer m\u00e1s sobre nuestras soluciones personalizadas, haga click aqu\u00ed\" \/>\n<meta name=\"robots\" content=\"index, follow, max-snippet:-1, max-image-preview:large, max-video-preview:-1\" \/>\n<link rel=\"canonical\" href=\"https:\/\/nucleom.ca\/es\/servicios\/aplicaciones\/tubos\/\" \/>\n<meta property=\"og:locale\" content=\"es_ES\" \/>\n<meta property=\"og:type\" content=\"article\" \/>\n<meta property=\"og:title\" content=\"Inspecci\u00f3n de tubos | Soluciones: Ensayos no destructivos | Nucleom\" \/>\n<meta property=\"og:description\" content=\"Frente a sus necesidades de inspecci\u00f3n de tubos, Nucleom le ofrece soluciones en END utilizando las tecnolog\u00edas RFT, MFL, ECT, IRIS, NFT y m\u00e1s. Para conocer m\u00e1s sobre nuestras soluciones personalizadas, haga click aqu\u00ed\" \/>\n<meta property=\"og:url\" content=\"https:\/\/nucleom.ca\/es\/servicios\/aplicaciones\/tubos\/\" \/>\n<meta property=\"og:site_name\" content=\"Nucleom\" \/>\n<meta property=\"article:publisher\" content=\"https:\/\/www.facebook.com\/nucleom\/\" \/>\n<meta property=\"article:modified_time\" content=\"2025-05-27T14:03:18+00:00\" \/>\n<meta name=\"twitter:card\" content=\"summary_large_image\" \/>\n<meta name=\"twitter:label1\" content=\"Est. reading time\" \/>\n\t<meta name=\"twitter:data1\" content=\"6 minutos\" \/>\n<script type=\"application\/ld+json\" class=\"yoast-schema-graph\">{\"@context\":\"https:\/\/schema.org\",\"@graph\":[{\"@type\":\"WebPage\",\"@id\":\"https:\/\/nucleom.ca\/es\/servicios\/aplicaciones\/tubos\/\",\"url\":\"https:\/\/nucleom.ca\/es\/servicios\/aplicaciones\/tubos\/\",\"name\":\"Inspecci\u00f3n de tubos | Soluciones: Ensayos no destructivos | Nucleom\",\"isPartOf\":{\"@id\":\"https:\/\/nucleom.ca\/#website\"},\"datePublished\":\"2018-04-09T15:46:13+00:00\",\"dateModified\":\"2025-05-27T14:03:18+00:00\",\"description\":\"Frente a sus necesidades de inspecci\u00f3n de tubos, Nucleom le ofrece soluciones en END utilizando las tecnolog\u00edas RFT, MFL, ECT, IRIS, NFT y m\u00e1s. Para conocer m\u00e1s sobre nuestras soluciones personalizadas, haga click aqu\u00ed\",\"breadcrumb\":{\"@id\":\"https:\/\/nucleom.ca\/es\/servicios\/aplicaciones\/tubos\/#breadcrumb\"},\"inLanguage\":\"es\",\"potentialAction\":[{\"@type\":\"ReadAction\",\"target\":[\"https:\/\/nucleom.ca\/es\/servicios\/aplicaciones\/tubos\/\"]}]},{\"@type\":\"BreadcrumbList\",\"@id\":\"https:\/\/nucleom.ca\/es\/servicios\/aplicaciones\/tubos\/#breadcrumb\",\"itemListElement\":[{\"@type\":\"ListItem\",\"position\":1,\"name\":\"Accueil\",\"item\":\"https:\/\/nucleom.ca\/\"},{\"@type\":\"ListItem\",\"position\":2,\"name\":\"Servicios\",\"item\":\"https:\/\/nucleom.ca\/es\/servicios\/\"},{\"@type\":\"ListItem\",\"position\":3,\"name\":\"Aplicaciones\",\"item\":\"https:\/\/nucleom.ca\/es\/servicios\/aplicaciones\/\"},{\"@type\":\"ListItem\",\"position\":4,\"name\":\"Tubos\"}]},{\"@type\":\"WebSite\",\"@id\":\"https:\/\/nucleom.ca\/#website\",\"url\":\"https:\/\/nucleom.ca\/\",\"name\":\"Nucleom\",\"description\":\"\",\"potentialAction\":[{\"@type\":\"SearchAction\",\"target\":{\"@type\":\"EntryPoint\",\"urlTemplate\":\"https:\/\/nucleom.ca\/?s={search_term_string}\"},\"query-input\":{\"@type\":\"PropertyValueSpecification\",\"valueRequired\":true,\"valueName\":\"search_term_string\"}}],\"inLanguage\":\"es\"}]}<\/script>\n<!-- \/ Yoast SEO plugin. -->","yoast_head_json":{"title":"Inspecci\u00f3n de tubos | Soluciones: Ensayos no destructivos | Nucleom","description":"Frente a sus necesidades de inspecci\u00f3n de tubos, Nucleom le ofrece soluciones en END utilizando las tecnolog\u00edas RFT, MFL, ECT, IRIS, NFT y m\u00e1s. Para conocer m\u00e1s sobre nuestras soluciones personalizadas, haga click aqu\u00ed","robots":{"index":"index","follow":"follow","max-snippet":"max-snippet:-1","max-image-preview":"max-image-preview:large","max-video-preview":"max-video-preview:-1"},"canonical":"https:\/\/nucleom.ca\/es\/servicios\/aplicaciones\/tubos\/","og_locale":"es_ES","og_type":"article","og_title":"Inspecci\u00f3n de tubos | Soluciones: Ensayos no destructivos | Nucleom","og_description":"Frente a sus necesidades de inspecci\u00f3n de tubos, Nucleom le ofrece soluciones en END utilizando las tecnolog\u00edas RFT, MFL, ECT, IRIS, NFT y m\u00e1s. Para conocer m\u00e1s sobre nuestras soluciones personalizadas, haga click aqu\u00ed","og_url":"https:\/\/nucleom.ca\/es\/servicios\/aplicaciones\/tubos\/","og_site_name":"Nucleom","article_publisher":"https:\/\/www.facebook.com\/nucleom\/","article_modified_time":"2025-05-27T14:03:18+00:00","twitter_card":"summary_large_image","twitter_misc":{"Est. reading time":"6 minutos"},"schema":{"@context":"https:\/\/schema.org","@graph":[{"@type":"WebPage","@id":"https:\/\/nucleom.ca\/es\/servicios\/aplicaciones\/tubos\/","url":"https:\/\/nucleom.ca\/es\/servicios\/aplicaciones\/tubos\/","name":"Inspecci\u00f3n de tubos | Soluciones: Ensayos no destructivos | Nucleom","isPartOf":{"@id":"https:\/\/nucleom.ca\/#website"},"datePublished":"2018-04-09T15:46:13+00:00","dateModified":"2025-05-27T14:03:18+00:00","description":"Frente a sus necesidades de inspecci\u00f3n de tubos, Nucleom le ofrece soluciones en END utilizando las tecnolog\u00edas RFT, MFL, ECT, IRIS, NFT y m\u00e1s. Para conocer m\u00e1s sobre nuestras soluciones personalizadas, haga click aqu\u00ed","breadcrumb":{"@id":"https:\/\/nucleom.ca\/es\/servicios\/aplicaciones\/tubos\/#breadcrumb"},"inLanguage":"es","potentialAction":[{"@type":"ReadAction","target":["https:\/\/nucleom.ca\/es\/servicios\/aplicaciones\/tubos\/"]}]},{"@type":"BreadcrumbList","@id":"https:\/\/nucleom.ca\/es\/servicios\/aplicaciones\/tubos\/#breadcrumb","itemListElement":[{"@type":"ListItem","position":1,"name":"Accueil","item":"https:\/\/nucleom.ca\/"},{"@type":"ListItem","position":2,"name":"Servicios","item":"https:\/\/nucleom.ca\/es\/servicios\/"},{"@type":"ListItem","position":3,"name":"Aplicaciones","item":"https:\/\/nucleom.ca\/es\/servicios\/aplicaciones\/"},{"@type":"ListItem","position":4,"name":"Tubos"}]},{"@type":"WebSite","@id":"https:\/\/nucleom.ca\/#website","url":"https:\/\/nucleom.ca\/","name":"Nucleom","description":"","potentialAction":[{"@type":"SearchAction","target":{"@type":"EntryPoint","urlTemplate":"https:\/\/nucleom.ca\/?s={search_term_string}"},"query-input":{"@type":"PropertyValueSpecification","valueRequired":true,"valueName":"search_term_string"}}],"inLanguage":"es"}]}},"_links":{"self":[{"href":"https:\/\/nucleom.ca\/es\/wp-json\/wp\/v2\/pages\/302","targetHints":{"allow":["GET"]}}],"collection":[{"href":"https:\/\/nucleom.ca\/es\/wp-json\/wp\/v2\/pages"}],"about":[{"href":"https:\/\/nucleom.ca\/es\/wp-json\/wp\/v2\/types\/page"}],"author":[{"embeddable":true,"href":"https:\/\/nucleom.ca\/es\/wp-json\/wp\/v2\/users\/1"}],"replies":[{"embeddable":true,"href":"https:\/\/nucleom.ca\/es\/wp-json\/wp\/v2\/comments?post=302"}],"version-history":[{"count":16,"href":"https:\/\/nucleom.ca\/es\/wp-json\/wp\/v2\/pages\/302\/revisions"}],"predecessor-version":[{"id":9652,"href":"https:\/\/nucleom.ca\/es\/wp-json\/wp\/v2\/pages\/302\/revisions\/9652"}],"up":[{"embeddable":true,"href":"https:\/\/nucleom.ca\/es\/wp-json\/wp\/v2\/pages\/5799"}],"wp:attachment":[{"href":"https:\/\/nucleom.ca\/es\/wp-json\/wp\/v2\/media?parent=302"}],"curies":[{"name":"wp","href":"https:\/\/api.w.org\/{rel}","templated":true}]}}