{"id":292,"date":"2018-04-09T11:29:27","date_gmt":"2018-04-09T15:29:27","guid":{"rendered":"https:\/\/nucleom.ca\/?page_id=292"},"modified":"2023-12-06T16:01:25","modified_gmt":"2023-12-06T21:01:25","slug":"corrientes-de-foucault","status":"publish","type":"page","link":"https:\/\/nucleom.ca\/es\/servicios\/inspeccion-convencional\/corrientes-de-foucault\/","title":{"rendered":"Corrientes de Foucault"},"content":{"rendered":"","protected":false},"excerpt":{"rendered":"","protected":false},"author":1,"featured_media":0,"parent":281,"menu_order":174,"comment_status":"closed","ping_status":"closed","template":"","meta":{"_acf_changed":false,"content-type":"","footnotes":""},"class_list":["post-292","page","type-page","status-publish","hentry"],"acf":[],"yoast_head":"<!-- This site is optimized with the Yoast SEO plugin v24.6 - https:\/\/yoast.com\/wordpress\/plugins\/seo\/ -->\n<title>Corrientes de Foucault | Servicios END | Nucleom<\/title>\n<meta name=\"description\" content=\"Nucleom ofrece servicios de inspecci\u00f3n END por corrientes de Foucault, garantizando la precisi\u00f3n. P\u00f3ngase en contacto.\" \/>\n<meta name=\"robots\" content=\"index, follow, max-snippet:-1, max-image-preview:large, max-video-preview:-1\" \/>\n<link rel=\"canonical\" href=\"https:\/\/nucleom.ca\/solutions-end\/courant-de-foucault\/\" \/>\n<meta property=\"og:locale\" content=\"es_ES\" \/>\n<meta property=\"og:type\" content=\"article\" \/>\n<meta property=\"og:title\" content=\"Corrientes de Foucault | Servicios END | Nucleom\" \/>\n<meta property=\"og:description\" content=\"Nucleom ofrece servicios de inspecci\u00f3n END por corrientes de Foucault, garantizando la precisi\u00f3n. P\u00f3ngase en contacto.\" \/>\n<meta property=\"og:url\" content=\"https:\/\/nucleom.ca\/solutions-end\/courant-de-foucault\/\" \/>\n<meta property=\"og:site_name\" content=\"Nucleom\" \/>\n<meta property=\"article:publisher\" content=\"https:\/\/www.facebook.com\/nucleom\/\" \/>\n<meta property=\"article:modified_time\" content=\"2023-12-06T21:01:25+00:00\" \/>\n<meta name=\"twitter:card\" content=\"summary_large_image\" \/>\n<meta name=\"twitter:title\" content=\"Corrientes de Foucault | Servicios END | Nucleom\" \/>\n<meta name=\"twitter:description\" content=\"Nucleom ofrece servicios de inspecci\u00f3n END por corrientes de Foucault, garantizando la precisi\u00f3n. P\u00f3ngase en contacto.\" \/>\n<script type=\"application\/ld+json\" class=\"yoast-schema-graph\">{\"@context\":\"https:\/\/schema.org\",\"@graph\":[{\"@type\":\"WebPage\",\"@id\":\"https:\/\/nucleom.ca\/solutions-end\/courant-de-foucault\/\",\"url\":\"https:\/\/nucleom.ca\/solutions-end\/courant-de-foucault\/\",\"name\":\"Corrientes de Foucault | Servicios END | Nucleom\",\"isPartOf\":{\"@id\":\"https:\/\/nucleom.ca\/#website\"},\"datePublished\":\"2018-04-09T15:29:27+00:00\",\"dateModified\":\"2023-12-06T21:01:25+00:00\",\"description\":\"Nucleom ofrece servicios de inspecci\u00f3n END por corrientes de Foucault, garantizando la precisi\u00f3n. P\u00f3ngase en contacto.\",\"breadcrumb\":{\"@id\":\"https:\/\/nucleom.ca\/solutions-end\/courant-de-foucault\/#breadcrumb\"},\"inLanguage\":\"es\",\"potentialAction\":[{\"@type\":\"ReadAction\",\"target\":[\"https:\/\/nucleom.ca\/solutions-end\/courant-de-foucault\/\"]}]},{\"@type\":\"BreadcrumbList\",\"@id\":\"https:\/\/nucleom.ca\/solutions-end\/courant-de-foucault\/#breadcrumb\",\"itemListElement\":[{\"@type\":\"ListItem\",\"position\":1,\"name\":\"Accueil\",\"item\":\"https:\/\/nucleom.ca\/\"},{\"@type\":\"ListItem\",\"position\":2,\"name\":\"Soluciones END\",\"item\":\"https:\/\/nucleom.ca\/solutions-end\/\"},{\"@type\":\"ListItem\",\"position\":3,\"name\":\"Corrientes de Foucault\"}]},{\"@type\":\"WebSite\",\"@id\":\"https:\/\/nucleom.ca\/#website\",\"url\":\"https:\/\/nucleom.ca\/\",\"name\":\"Nucleom\",\"description\":\"\",\"potentialAction\":[{\"@type\":\"SearchAction\",\"target\":{\"@type\":\"EntryPoint\",\"urlTemplate\":\"https:\/\/nucleom.ca\/?s={search_term_string}\"},\"query-input\":{\"@type\":\"PropertyValueSpecification\",\"valueRequired\":true,\"valueName\":\"search_term_string\"}}],\"inLanguage\":\"es\"}]}<\/script>\n<!-- \/ Yoast SEO plugin. -->","yoast_head_json":{"title":"Corrientes de Foucault | Servicios END | Nucleom","description":"Nucleom ofrece servicios de inspecci\u00f3n END por corrientes de Foucault, garantizando la precisi\u00f3n. P\u00f3ngase en contacto.","robots":{"index":"index","follow":"follow","max-snippet":"max-snippet:-1","max-image-preview":"max-image-preview:large","max-video-preview":"max-video-preview:-1"},"canonical":"https:\/\/nucleom.ca\/solutions-end\/courant-de-foucault\/","og_locale":"es_ES","og_type":"article","og_title":"Corrientes de Foucault | Servicios END | Nucleom","og_description":"Nucleom ofrece servicios de inspecci\u00f3n END por corrientes de Foucault, garantizando la precisi\u00f3n. P\u00f3ngase en contacto.","og_url":"https:\/\/nucleom.ca\/solutions-end\/courant-de-foucault\/","og_site_name":"Nucleom","article_publisher":"https:\/\/www.facebook.com\/nucleom\/","article_modified_time":"2023-12-06T21:01:25+00:00","twitter_card":"summary_large_image","twitter_title":"Corrientes de Foucault | Servicios END | Nucleom","twitter_description":"Nucleom ofrece servicios de inspecci\u00f3n END por corrientes de Foucault, garantizando la precisi\u00f3n. P\u00f3ngase en contacto.","schema":{"@context":"https:\/\/schema.org","@graph":[{"@type":"WebPage","@id":"https:\/\/nucleom.ca\/solutions-end\/courant-de-foucault\/","url":"https:\/\/nucleom.ca\/solutions-end\/courant-de-foucault\/","name":"Corrientes de Foucault | Servicios END | Nucleom","isPartOf":{"@id":"https:\/\/nucleom.ca\/#website"},"datePublished":"2018-04-09T15:29:27+00:00","dateModified":"2023-12-06T21:01:25+00:00","description":"Nucleom ofrece servicios de inspecci\u00f3n END por corrientes de Foucault, garantizando la precisi\u00f3n. P\u00f3ngase en contacto.","breadcrumb":{"@id":"https:\/\/nucleom.ca\/solutions-end\/courant-de-foucault\/#breadcrumb"},"inLanguage":"es","potentialAction":[{"@type":"ReadAction","target":["https:\/\/nucleom.ca\/solutions-end\/courant-de-foucault\/"]}]},{"@type":"BreadcrumbList","@id":"https:\/\/nucleom.ca\/solutions-end\/courant-de-foucault\/#breadcrumb","itemListElement":[{"@type":"ListItem","position":1,"name":"Accueil","item":"https:\/\/nucleom.ca\/"},{"@type":"ListItem","position":2,"name":"Soluciones END","item":"https:\/\/nucleom.ca\/solutions-end\/"},{"@type":"ListItem","position":3,"name":"Corrientes de Foucault"}]},{"@type":"WebSite","@id":"https:\/\/nucleom.ca\/#website","url":"https:\/\/nucleom.ca\/","name":"Nucleom","description":"","potentialAction":[{"@type":"SearchAction","target":{"@type":"EntryPoint","urlTemplate":"https:\/\/nucleom.ca\/?s={search_term_string}"},"query-input":{"@type":"PropertyValueSpecification","valueRequired":true,"valueName":"search_term_string"}}],"inLanguage":"es"}]}},"_links":{"self":[{"href":"https:\/\/nucleom.ca\/es\/wp-json\/wp\/v2\/pages\/292","targetHints":{"allow":["GET"]}}],"collection":[{"href":"https:\/\/nucleom.ca\/es\/wp-json\/wp\/v2\/pages"}],"about":[{"href":"https:\/\/nucleom.ca\/es\/wp-json\/wp\/v2\/types\/page"}],"author":[{"embeddable":true,"href":"https:\/\/nucleom.ca\/es\/wp-json\/wp\/v2\/users\/1"}],"replies":[{"embeddable":true,"href":"https:\/\/nucleom.ca\/es\/wp-json\/wp\/v2\/comments?post=292"}],"version-history":[{"count":20,"href":"https:\/\/nucleom.ca\/es\/wp-json\/wp\/v2\/pages\/292\/revisions"}],"predecessor-version":[{"id":9224,"href":"https:\/\/nucleom.ca\/es\/wp-json\/wp\/v2\/pages\/292\/revisions\/9224"}],"up":[{"embeddable":true,"href":"https:\/\/nucleom.ca\/es\/wp-json\/wp\/v2\/pages\/281"}],"wp:attachment":[{"href":"https:\/\/nucleom.ca\/es\/wp-json\/wp\/v2\/media?parent=292"}],"curies":[{"name":"wp","href":"https:\/\/api.w.org\/{rel}","templated":true}]}}