{"id":281,"date":"2018-04-09T11:13:44","date_gmt":"2018-04-09T15:13:44","guid":{"rendered":"https:\/\/nucleom.ca\/?page_id=281"},"modified":"2025-06-06T11:04:01","modified_gmt":"2025-06-06T15:04:01","slug":"inspeccion-convencional","status":"publish","type":"page","link":"https:\/\/nucleom.ca\/es\/servicios\/inspeccion-convencional\/","title":{"rendered":"inspecci\u00f3n convencional"},"content":{"rendered":"","protected":false},"excerpt":{"rendered":"","protected":false},"author":1,"featured_media":0,"parent":237,"menu_order":149,"comment_status":"closed","ping_status":"closed","template":"","meta":{"_acf_changed":false,"content-type":"","footnotes":""},"class_list":["post-281","page","type-page","status-publish","hentry"],"acf":[],"yoast_head":"<!-- This site is optimized with the Yoast SEO plugin v24.6 - https:\/\/yoast.com\/wordpress\/plugins\/seo\/ -->\n<title>Servicios de inspecci\u00f3n en END | Ensayos no destructivos | Nucleom<\/title>\n<meta name=\"description\" content=\"\u00bfSe encuentra en la b\u00fasqueda de servicios de inspecci\u00f3n en END? Nucleom ofrece soluciones de inspecci\u00f3n avanzadas para m\u00faltiples industrias, aplicando PAUT, TOFD, TFM, DMA, PEC Array para CUI, UT automatizado y m\u00e1s. Descubra aqu\u00ed al especialista en ensayos no destructivos avanzados.\" \/>\n<meta name=\"robots\" content=\"index, follow, max-snippet:-1, max-image-preview:large, max-video-preview:-1\" \/>\n<link rel=\"canonical\" href=\"https:\/\/nucleom.ca\/es\/servicios\/inspeccion-convencional\/\" \/>\n<meta property=\"og:locale\" content=\"es_ES\" \/>\n<meta property=\"og:type\" content=\"article\" \/>\n<meta property=\"og:title\" content=\"Servicios de inspecci\u00f3n en END | Ensayos no destructivos | Nucleom\" \/>\n<meta property=\"og:description\" content=\"\u00bfSe encuentra en la b\u00fasqueda de servicios de inspecci\u00f3n en END? Nucleom ofrece soluciones de inspecci\u00f3n avanzadas para m\u00faltiples industrias, aplicando PAUT, TOFD, TFM, DMA, PEC Array para CUI, UT automatizado y m\u00e1s. Descubra aqu\u00ed al especialista en ensayos no destructivos avanzados.\" \/>\n<meta property=\"og:url\" content=\"https:\/\/nucleom.ca\/es\/servicios\/inspeccion-convencional\/\" \/>\n<meta property=\"og:site_name\" content=\"Nucleom\" \/>\n<meta property=\"article:publisher\" content=\"https:\/\/www.facebook.com\/nucleom\/\" \/>\n<meta property=\"article:modified_time\" content=\"2025-06-06T15:04:01+00:00\" \/>\n<meta name=\"twitter:card\" content=\"summary_large_image\" \/>\n<meta name=\"twitter:label1\" content=\"Est. reading time\" \/>\n\t<meta name=\"twitter:data1\" content=\"2 minutos\" \/>\n<script type=\"application\/ld+json\" class=\"yoast-schema-graph\">{\"@context\":\"https:\/\/schema.org\",\"@graph\":[{\"@type\":\"WebPage\",\"@id\":\"https:\/\/nucleom.ca\/es\/servicios\/inspeccion-convencional\/\",\"url\":\"https:\/\/nucleom.ca\/es\/servicios\/inspeccion-convencional\/\",\"name\":\"Servicios de inspecci\u00f3n en END | Ensayos no destructivos | Nucleom\",\"isPartOf\":{\"@id\":\"https:\/\/nucleom.ca\/#website\"},\"datePublished\":\"2018-04-09T15:13:44+00:00\",\"dateModified\":\"2025-06-06T15:04:01+00:00\",\"description\":\"\u00bfSe encuentra en la b\u00fasqueda de servicios de inspecci\u00f3n en END? Nucleom ofrece soluciones de inspecci\u00f3n avanzadas para m\u00faltiples industrias, aplicando PAUT, TOFD, TFM, DMA, PEC Array para CUI, UT automatizado y m\u00e1s. Descubra aqu\u00ed al especialista en ensayos no destructivos avanzados.\",\"breadcrumb\":{\"@id\":\"https:\/\/nucleom.ca\/es\/servicios\/inspeccion-convencional\/#breadcrumb\"},\"inLanguage\":\"es\",\"potentialAction\":[{\"@type\":\"ReadAction\",\"target\":[\"https:\/\/nucleom.ca\/es\/servicios\/inspeccion-convencional\/\"]}]},{\"@type\":\"BreadcrumbList\",\"@id\":\"https:\/\/nucleom.ca\/es\/servicios\/inspeccion-convencional\/#breadcrumb\",\"itemListElement\":[{\"@type\":\"ListItem\",\"position\":1,\"name\":\"Accueil\",\"item\":\"https:\/\/nucleom.ca\/\"},{\"@type\":\"ListItem\",\"position\":2,\"name\":\"Servicios\",\"item\":\"https:\/\/nucleom.ca\/es\/servicios\/\"},{\"@type\":\"ListItem\",\"position\":3,\"name\":\"inspecci\u00f3n convencional\"}]},{\"@type\":\"WebSite\",\"@id\":\"https:\/\/nucleom.ca\/#website\",\"url\":\"https:\/\/nucleom.ca\/\",\"name\":\"Nucleom\",\"description\":\"\",\"potentialAction\":[{\"@type\":\"SearchAction\",\"target\":{\"@type\":\"EntryPoint\",\"urlTemplate\":\"https:\/\/nucleom.ca\/?s={search_term_string}\"},\"query-input\":{\"@type\":\"PropertyValueSpecification\",\"valueRequired\":true,\"valueName\":\"search_term_string\"}}],\"inLanguage\":\"es\"}]}<\/script>\n<!-- \/ Yoast SEO plugin. -->","yoast_head_json":{"title":"Servicios de inspecci\u00f3n en END | Ensayos no destructivos | Nucleom","description":"\u00bfSe encuentra en la b\u00fasqueda de servicios de inspecci\u00f3n en END? Nucleom ofrece soluciones de inspecci\u00f3n avanzadas para m\u00faltiples industrias, aplicando PAUT, TOFD, TFM, DMA, PEC Array para CUI, UT automatizado y m\u00e1s. Descubra aqu\u00ed al especialista en ensayos no destructivos avanzados.","robots":{"index":"index","follow":"follow","max-snippet":"max-snippet:-1","max-image-preview":"max-image-preview:large","max-video-preview":"max-video-preview:-1"},"canonical":"https:\/\/nucleom.ca\/es\/servicios\/inspeccion-convencional\/","og_locale":"es_ES","og_type":"article","og_title":"Servicios de inspecci\u00f3n en END | Ensayos no destructivos | Nucleom","og_description":"\u00bfSe encuentra en la b\u00fasqueda de servicios de inspecci\u00f3n en END? Nucleom ofrece soluciones de inspecci\u00f3n avanzadas para m\u00faltiples industrias, aplicando PAUT, TOFD, TFM, DMA, PEC Array para CUI, UT automatizado y m\u00e1s. Descubra aqu\u00ed al especialista en ensayos no destructivos avanzados.","og_url":"https:\/\/nucleom.ca\/es\/servicios\/inspeccion-convencional\/","og_site_name":"Nucleom","article_publisher":"https:\/\/www.facebook.com\/nucleom\/","article_modified_time":"2025-06-06T15:04:01+00:00","twitter_card":"summary_large_image","twitter_misc":{"Est. reading time":"2 minutos"},"schema":{"@context":"https:\/\/schema.org","@graph":[{"@type":"WebPage","@id":"https:\/\/nucleom.ca\/es\/servicios\/inspeccion-convencional\/","url":"https:\/\/nucleom.ca\/es\/servicios\/inspeccion-convencional\/","name":"Servicios de inspecci\u00f3n en END | Ensayos no destructivos | Nucleom","isPartOf":{"@id":"https:\/\/nucleom.ca\/#website"},"datePublished":"2018-04-09T15:13:44+00:00","dateModified":"2025-06-06T15:04:01+00:00","description":"\u00bfSe encuentra en la b\u00fasqueda de servicios de inspecci\u00f3n en END? Nucleom ofrece soluciones de inspecci\u00f3n avanzadas para m\u00faltiples industrias, aplicando PAUT, TOFD, TFM, DMA, PEC Array para CUI, UT automatizado y m\u00e1s. Descubra aqu\u00ed al especialista en ensayos no destructivos avanzados.","breadcrumb":{"@id":"https:\/\/nucleom.ca\/es\/servicios\/inspeccion-convencional\/#breadcrumb"},"inLanguage":"es","potentialAction":[{"@type":"ReadAction","target":["https:\/\/nucleom.ca\/es\/servicios\/inspeccion-convencional\/"]}]},{"@type":"BreadcrumbList","@id":"https:\/\/nucleom.ca\/es\/servicios\/inspeccion-convencional\/#breadcrumb","itemListElement":[{"@type":"ListItem","position":1,"name":"Accueil","item":"https:\/\/nucleom.ca\/"},{"@type":"ListItem","position":2,"name":"Servicios","item":"https:\/\/nucleom.ca\/es\/servicios\/"},{"@type":"ListItem","position":3,"name":"inspecci\u00f3n convencional"}]},{"@type":"WebSite","@id":"https:\/\/nucleom.ca\/#website","url":"https:\/\/nucleom.ca\/","name":"Nucleom","description":"","potentialAction":[{"@type":"SearchAction","target":{"@type":"EntryPoint","urlTemplate":"https:\/\/nucleom.ca\/?s={search_term_string}"},"query-input":{"@type":"PropertyValueSpecification","valueRequired":true,"valueName":"search_term_string"}}],"inLanguage":"es"}]}},"_links":{"self":[{"href":"https:\/\/nucleom.ca\/es\/wp-json\/wp\/v2\/pages\/281","targetHints":{"allow":["GET"]}}],"collection":[{"href":"https:\/\/nucleom.ca\/es\/wp-json\/wp\/v2\/pages"}],"about":[{"href":"https:\/\/nucleom.ca\/es\/wp-json\/wp\/v2\/types\/page"}],"author":[{"embeddable":true,"href":"https:\/\/nucleom.ca\/es\/wp-json\/wp\/v2\/users\/1"}],"replies":[{"embeddable":true,"href":"https:\/\/nucleom.ca\/es\/wp-json\/wp\/v2\/comments?post=281"}],"version-history":[{"count":16,"href":"https:\/\/nucleom.ca\/es\/wp-json\/wp\/v2\/pages\/281\/revisions"}],"predecessor-version":[{"id":9778,"href":"https:\/\/nucleom.ca\/es\/wp-json\/wp\/v2\/pages\/281\/revisions\/9778"}],"up":[{"embeddable":true,"href":"https:\/\/nucleom.ca\/es\/wp-json\/wp\/v2\/pages\/237"}],"wp:attachment":[{"href":"https:\/\/nucleom.ca\/es\/wp-json\/wp\/v2\/media?parent=281"}],"curies":[{"name":"wp","href":"https:\/\/api.w.org\/{rel}","templated":true}]}}