{"id":277,"date":"2018-04-09T11:10:55","date_gmt":"2018-04-09T15:10:55","guid":{"rendered":"https:\/\/nucleom.ca\/?page_id=277"},"modified":"2025-05-27T10:19:27","modified_gmt":"2025-05-27T14:19:27","slug":"certificaciones","status":"publish","type":"page","link":"https:\/\/nucleom.ca\/es\/nuestra-experiencia\/certificaciones\/","title":{"rendered":"Certificaciones"},"content":{"rendered":"","protected":false},"excerpt":{"rendered":"","protected":false},"author":1,"featured_media":0,"parent":9573,"menu_order":168,"comment_status":"closed","ping_status":"closed","template":"","meta":{"_acf_changed":false,"content-type":"","footnotes":""},"class_list":["post-277","page","type-page","status-publish","hentry"],"acf":[],"yoast_head":"<!-- This site is optimized with the Yoast SEO plugin v24.6 - https:\/\/yoast.com\/wordpress\/plugins\/seo\/ -->\n<title>Programas de certificaci\u00f3n END | SNT-TC-1A | Nucleom<\/title>\n<meta name=\"description\" content=\"\u00bfInteresado en certificar a su personal? Ofrecemos m\u00faltiples certificaciones END, como la SNT-TC-1A, brindando los m\u00ednimos requisitos para la calificaci\u00f3n y la certificaci\u00f3n del personal t\u00e9cnico encargado de ejecutar END. Haga click aqu\u00ed para conocer m\u00e1s sobre los programas de certificaci\u00f3n de Nucleom.\" \/>\n<meta name=\"robots\" content=\"index, follow, max-snippet:-1, max-image-preview:large, max-video-preview:-1\" \/>\n<link rel=\"canonical\" href=\"https:\/\/nucleom.ca\/es\/nuestra-experiencia\/redaccion-tecnica-y-cualificacion\/certificaciones\/\" \/>\n<meta property=\"og:locale\" content=\"es_ES\" \/>\n<meta property=\"og:type\" content=\"article\" \/>\n<meta property=\"og:title\" content=\"Programas de certificaci\u00f3n END | SNT-TC-1A | Nucleom\" \/>\n<meta property=\"og:description\" content=\"\u00bfInteresado en certificar a su personal? Ofrecemos m\u00faltiples certificaciones END, como la SNT-TC-1A, brindando los m\u00ednimos requisitos para la calificaci\u00f3n y la certificaci\u00f3n del personal t\u00e9cnico encargado de ejecutar END. Haga click aqu\u00ed para conocer m\u00e1s sobre los programas de certificaci\u00f3n de Nucleom.\" \/>\n<meta property=\"og:url\" content=\"https:\/\/nucleom.ca\/es\/nuestra-experiencia\/redaccion-tecnica-y-cualificacion\/certificaciones\/\" \/>\n<meta property=\"og:site_name\" content=\"Nucleom\" \/>\n<meta property=\"article:publisher\" content=\"https:\/\/www.facebook.com\/nucleom\/\" \/>\n<meta property=\"article:modified_time\" content=\"2025-05-27T14:19:27+00:00\" \/>\n<meta name=\"twitter:card\" content=\"summary_large_image\" \/>\n<meta name=\"twitter:label1\" content=\"Est. reading time\" \/>\n\t<meta name=\"twitter:data1\" content=\"1 minuto\" \/>\n<script type=\"application\/ld+json\" class=\"yoast-schema-graph\">{\"@context\":\"https:\/\/schema.org\",\"@graph\":[{\"@type\":\"WebPage\",\"@id\":\"https:\/\/nucleom.ca\/es\/nuestra-experiencia\/redaccion-tecnica-y-cualificacion\/certificaciones\/\",\"url\":\"https:\/\/nucleom.ca\/es\/nuestra-experiencia\/redaccion-tecnica-y-cualificacion\/certificaciones\/\",\"name\":\"Programas de certificaci\u00f3n END | SNT-TC-1A | Nucleom\",\"isPartOf\":{\"@id\":\"https:\/\/nucleom.ca\/#website\"},\"datePublished\":\"2018-04-09T15:10:55+00:00\",\"dateModified\":\"2025-05-27T14:19:27+00:00\",\"description\":\"\u00bfInteresado en certificar a su personal? Ofrecemos m\u00faltiples certificaciones END, como la SNT-TC-1A, brindando los m\u00ednimos requisitos para la calificaci\u00f3n y la certificaci\u00f3n del personal t\u00e9cnico encargado de ejecutar END. Haga click aqu\u00ed para conocer m\u00e1s sobre los programas de certificaci\u00f3n de Nucleom.\",\"breadcrumb\":{\"@id\":\"https:\/\/nucleom.ca\/es\/nuestra-experiencia\/redaccion-tecnica-y-cualificacion\/certificaciones\/#breadcrumb\"},\"inLanguage\":\"es\",\"potentialAction\":[{\"@type\":\"ReadAction\",\"target\":[\"https:\/\/nucleom.ca\/es\/nuestra-experiencia\/redaccion-tecnica-y-cualificacion\/certificaciones\/\"]}]},{\"@type\":\"BreadcrumbList\",\"@id\":\"https:\/\/nucleom.ca\/es\/nuestra-experiencia\/redaccion-tecnica-y-cualificacion\/certificaciones\/#breadcrumb\",\"itemListElement\":[{\"@type\":\"ListItem\",\"position\":1,\"name\":\"Accueil\",\"item\":\"https:\/\/nucleom.ca\/\"},{\"@type\":\"ListItem\",\"position\":2,\"name\":\"Nuestra experiencia\",\"item\":\"https:\/\/nucleom.ca\/es\/nuestra-experiencia\/\"},{\"@type\":\"ListItem\",\"position\":3,\"name\":\"Redacci\u00f3n t\u00e9cnica y cualificaci\u00f3n\",\"item\":\"https:\/\/nucleom.ca\/es\/nuestra-experiencia\/redaccion-tecnica-y-cualificacion\/\"},{\"@type\":\"ListItem\",\"position\":4,\"name\":\"Certificaciones\"}]},{\"@type\":\"WebSite\",\"@id\":\"https:\/\/nucleom.ca\/#website\",\"url\":\"https:\/\/nucleom.ca\/\",\"name\":\"Nucleom\",\"description\":\"\",\"potentialAction\":[{\"@type\":\"SearchAction\",\"target\":{\"@type\":\"EntryPoint\",\"urlTemplate\":\"https:\/\/nucleom.ca\/?s={search_term_string}\"},\"query-input\":{\"@type\":\"PropertyValueSpecification\",\"valueRequired\":true,\"valueName\":\"search_term_string\"}}],\"inLanguage\":\"es\"}]}<\/script>\n<!-- \/ Yoast SEO plugin. -->","yoast_head_json":{"title":"Programas de certificaci\u00f3n END | SNT-TC-1A | Nucleom","description":"\u00bfInteresado en certificar a su personal? Ofrecemos m\u00faltiples certificaciones END, como la SNT-TC-1A, brindando los m\u00ednimos requisitos para la calificaci\u00f3n y la certificaci\u00f3n del personal t\u00e9cnico encargado de ejecutar END. Haga click aqu\u00ed para conocer m\u00e1s sobre los programas de certificaci\u00f3n de Nucleom.","robots":{"index":"index","follow":"follow","max-snippet":"max-snippet:-1","max-image-preview":"max-image-preview:large","max-video-preview":"max-video-preview:-1"},"canonical":"https:\/\/nucleom.ca\/es\/nuestra-experiencia\/redaccion-tecnica-y-cualificacion\/certificaciones\/","og_locale":"es_ES","og_type":"article","og_title":"Programas de certificaci\u00f3n END | SNT-TC-1A | Nucleom","og_description":"\u00bfInteresado en certificar a su personal? Ofrecemos m\u00faltiples certificaciones END, como la SNT-TC-1A, brindando los m\u00ednimos requisitos para la calificaci\u00f3n y la certificaci\u00f3n del personal t\u00e9cnico encargado de ejecutar END. Haga click aqu\u00ed para conocer m\u00e1s sobre los programas de certificaci\u00f3n de Nucleom.","og_url":"https:\/\/nucleom.ca\/es\/nuestra-experiencia\/redaccion-tecnica-y-cualificacion\/certificaciones\/","og_site_name":"Nucleom","article_publisher":"https:\/\/www.facebook.com\/nucleom\/","article_modified_time":"2025-05-27T14:19:27+00:00","twitter_card":"summary_large_image","twitter_misc":{"Est. reading time":"1 minuto"},"schema":{"@context":"https:\/\/schema.org","@graph":[{"@type":"WebPage","@id":"https:\/\/nucleom.ca\/es\/nuestra-experiencia\/redaccion-tecnica-y-cualificacion\/certificaciones\/","url":"https:\/\/nucleom.ca\/es\/nuestra-experiencia\/redaccion-tecnica-y-cualificacion\/certificaciones\/","name":"Programas de certificaci\u00f3n END | SNT-TC-1A | Nucleom","isPartOf":{"@id":"https:\/\/nucleom.ca\/#website"},"datePublished":"2018-04-09T15:10:55+00:00","dateModified":"2025-05-27T14:19:27+00:00","description":"\u00bfInteresado en certificar a su personal? Ofrecemos m\u00faltiples certificaciones END, como la SNT-TC-1A, brindando los m\u00ednimos requisitos para la calificaci\u00f3n y la certificaci\u00f3n del personal t\u00e9cnico encargado de ejecutar END. Haga click aqu\u00ed para conocer m\u00e1s sobre los programas de certificaci\u00f3n de Nucleom.","breadcrumb":{"@id":"https:\/\/nucleom.ca\/es\/nuestra-experiencia\/redaccion-tecnica-y-cualificacion\/certificaciones\/#breadcrumb"},"inLanguage":"es","potentialAction":[{"@type":"ReadAction","target":["https:\/\/nucleom.ca\/es\/nuestra-experiencia\/redaccion-tecnica-y-cualificacion\/certificaciones\/"]}]},{"@type":"BreadcrumbList","@id":"https:\/\/nucleom.ca\/es\/nuestra-experiencia\/redaccion-tecnica-y-cualificacion\/certificaciones\/#breadcrumb","itemListElement":[{"@type":"ListItem","position":1,"name":"Accueil","item":"https:\/\/nucleom.ca\/"},{"@type":"ListItem","position":2,"name":"Nuestra experiencia","item":"https:\/\/nucleom.ca\/es\/nuestra-experiencia\/"},{"@type":"ListItem","position":3,"name":"Redacci\u00f3n t\u00e9cnica y cualificaci\u00f3n","item":"https:\/\/nucleom.ca\/es\/nuestra-experiencia\/redaccion-tecnica-y-cualificacion\/"},{"@type":"ListItem","position":4,"name":"Certificaciones"}]},{"@type":"WebSite","@id":"https:\/\/nucleom.ca\/#website","url":"https:\/\/nucleom.ca\/","name":"Nucleom","description":"","potentialAction":[{"@type":"SearchAction","target":{"@type":"EntryPoint","urlTemplate":"https:\/\/nucleom.ca\/?s={search_term_string}"},"query-input":{"@type":"PropertyValueSpecification","valueRequired":true,"valueName":"search_term_string"}}],"inLanguage":"es"}]}},"_links":{"self":[{"href":"https:\/\/nucleom.ca\/es\/wp-json\/wp\/v2\/pages\/277","targetHints":{"allow":["GET"]}}],"collection":[{"href":"https:\/\/nucleom.ca\/es\/wp-json\/wp\/v2\/pages"}],"about":[{"href":"https:\/\/nucleom.ca\/es\/wp-json\/wp\/v2\/types\/page"}],"author":[{"embeddable":true,"href":"https:\/\/nucleom.ca\/es\/wp-json\/wp\/v2\/users\/1"}],"replies":[{"embeddable":true,"href":"https:\/\/nucleom.ca\/es\/wp-json\/wp\/v2\/comments?post=277"}],"version-history":[{"count":14,"href":"https:\/\/nucleom.ca\/es\/wp-json\/wp\/v2\/pages\/277\/revisions"}],"predecessor-version":[{"id":9653,"href":"https:\/\/nucleom.ca\/es\/wp-json\/wp\/v2\/pages\/277\/revisions\/9653"}],"up":[{"embeddable":true,"href":"https:\/\/nucleom.ca\/es\/wp-json\/wp\/v2\/pages\/9573"}],"wp:attachment":[{"href":"https:\/\/nucleom.ca\/es\/wp-json\/wp\/v2\/media?parent=277"}],"curies":[{"name":"wp","href":"https:\/\/api.w.org\/{rel}","templated":true}]}}