{"id":255,"date":"2018-04-09T10:59:31","date_gmt":"2018-04-09T14:59:31","guid":{"rendered":"https:\/\/nucleom.ca\/?page_id=255"},"modified":"2023-07-20T14:02:20","modified_gmt":"2023-07-20T18:02:20","slug":"asistencia-tecnica","status":"publish","type":"page","link":"https:\/\/nucleom.ca\/es\/servicios\/asistencia-tecnica\/","title":{"rendered":"Asistencia t\u00e9cnica"},"content":{"rendered":"","protected":false},"excerpt":{"rendered":"","protected":false},"author":1,"featured_media":0,"parent":237,"menu_order":163,"comment_status":"closed","ping_status":"closed","template":"","meta":{"_acf_changed":false,"content-type":"","footnotes":""},"class_list":["post-255","page","type-page","status-publish","hentry"],"acf":[],"yoast_head":"<!-- This site is optimized with the Yoast SEO plugin v24.6 - https:\/\/yoast.com\/wordpress\/plugins\/seo\/ -->\n<title>Soporte t\u00e9cnico en END | Nucleom<\/title>\n<meta name=\"description\" content=\"\u00bfNecesita soporte t\u00e9cnico en END? Nucleom propone servicios de soporte in situ, calificaci\u00f3n de sistemas y an\u00e1lisis de datos de END. Aqu\u00ed encontrar\u00e1 un resumen de nuestra experiencia.\" \/>\n<meta name=\"robots\" content=\"index, follow, max-snippet:-1, max-image-preview:large, max-video-preview:-1\" \/>\n<link rel=\"canonical\" href=\"https:\/\/nucleom.ca\/es\/servicios\/asistencia-tecnica\/\" \/>\n<meta property=\"og:locale\" content=\"es_ES\" \/>\n<meta property=\"og:type\" content=\"article\" \/>\n<meta property=\"og:title\" content=\"Soporte t\u00e9cnico en END | Nucleom\" \/>\n<meta property=\"og:description\" content=\"\u00bfNecesita soporte t\u00e9cnico en END? Nucleom propone servicios de soporte in situ, calificaci\u00f3n de sistemas y an\u00e1lisis de datos de END. Aqu\u00ed encontrar\u00e1 un resumen de nuestra experiencia.\" \/>\n<meta property=\"og:url\" content=\"https:\/\/nucleom.ca\/es\/servicios\/asistencia-tecnica\/\" \/>\n<meta property=\"og:site_name\" content=\"Nucleom\" \/>\n<meta property=\"article:publisher\" content=\"https:\/\/www.facebook.com\/nucleom\/\" \/>\n<meta property=\"article:modified_time\" content=\"2023-07-20T18:02:20+00:00\" \/>\n<meta property=\"og:image\" content=\"https:\/\/nucleom.ca\/app\/uploads\/2022\/10\/services.png\" \/>\n\t<meta property=\"og:image:width\" content=\"1200\" \/>\n\t<meta property=\"og:image:height\" content=\"630\" \/>\n\t<meta property=\"og:image:type\" content=\"image\/png\" \/>\n<meta name=\"twitter:card\" content=\"summary_large_image\" \/>\n<meta name=\"twitter:title\" content=\"Soporte t\u00e9cnico en END | Nucleom\" \/>\n<meta name=\"twitter:description\" content=\"\u00bfNecesita soporte t\u00e9cnico en END? Nucleom propone servicios de soporte in situ, calificaci\u00f3n de sistemas y an\u00e1lisis de datos de END. Aqu\u00ed encontrar\u00e1 un resumen de nuestra experiencia.\" \/>\n<meta name=\"twitter:image\" content=\"https:\/\/nucleom.ca\/app\/uploads\/2022\/10\/services.png\" \/>\n<script type=\"application\/ld+json\" class=\"yoast-schema-graph\">{\"@context\":\"https:\/\/schema.org\",\"@graph\":[{\"@type\":\"WebPage\",\"@id\":\"https:\/\/nucleom.ca\/es\/servicios\/asistencia-tecnica\/\",\"url\":\"https:\/\/nucleom.ca\/es\/servicios\/asistencia-tecnica\/\",\"name\":\"Soporte t\u00e9cnico en END | Nucleom\",\"isPartOf\":{\"@id\":\"https:\/\/nucleom.ca\/#website\"},\"datePublished\":\"2018-04-09T14:59:31+00:00\",\"dateModified\":\"2023-07-20T18:02:20+00:00\",\"description\":\"\u00bfNecesita soporte t\u00e9cnico en END? Nucleom propone servicios de soporte in situ, calificaci\u00f3n de sistemas y an\u00e1lisis de datos de END. Aqu\u00ed encontrar\u00e1 un resumen de nuestra experiencia.\",\"breadcrumb\":{\"@id\":\"https:\/\/nucleom.ca\/es\/servicios\/asistencia-tecnica\/#breadcrumb\"},\"inLanguage\":\"es\",\"potentialAction\":[{\"@type\":\"ReadAction\",\"target\":[\"https:\/\/nucleom.ca\/es\/servicios\/asistencia-tecnica\/\"]}]},{\"@type\":\"BreadcrumbList\",\"@id\":\"https:\/\/nucleom.ca\/es\/servicios\/asistencia-tecnica\/#breadcrumb\",\"itemListElement\":[{\"@type\":\"ListItem\",\"position\":1,\"name\":\"Accueil\",\"item\":\"https:\/\/nucleom.ca\/\"},{\"@type\":\"ListItem\",\"position\":2,\"name\":\"Servicios\",\"item\":\"https:\/\/nucleom.ca\/es\/servicios\/\"},{\"@type\":\"ListItem\",\"position\":3,\"name\":\"Asistencia t\u00e9cnica\"}]},{\"@type\":\"WebSite\",\"@id\":\"https:\/\/nucleom.ca\/#website\",\"url\":\"https:\/\/nucleom.ca\/\",\"name\":\"Nucleom\",\"description\":\"\",\"potentialAction\":[{\"@type\":\"SearchAction\",\"target\":{\"@type\":\"EntryPoint\",\"urlTemplate\":\"https:\/\/nucleom.ca\/?s={search_term_string}\"},\"query-input\":{\"@type\":\"PropertyValueSpecification\",\"valueRequired\":true,\"valueName\":\"search_term_string\"}}],\"inLanguage\":\"es\"}]}<\/script>\n<!-- \/ Yoast SEO plugin. -->","yoast_head_json":{"title":"Soporte t\u00e9cnico en END | Nucleom","description":"\u00bfNecesita soporte t\u00e9cnico en END? Nucleom propone servicios de soporte in situ, calificaci\u00f3n de sistemas y an\u00e1lisis de datos de END. Aqu\u00ed encontrar\u00e1 un resumen de nuestra experiencia.","robots":{"index":"index","follow":"follow","max-snippet":"max-snippet:-1","max-image-preview":"max-image-preview:large","max-video-preview":"max-video-preview:-1"},"canonical":"https:\/\/nucleom.ca\/es\/servicios\/asistencia-tecnica\/","og_locale":"es_ES","og_type":"article","og_title":"Soporte t\u00e9cnico en END | Nucleom","og_description":"\u00bfNecesita soporte t\u00e9cnico en END? Nucleom propone servicios de soporte in situ, calificaci\u00f3n de sistemas y an\u00e1lisis de datos de END. Aqu\u00ed encontrar\u00e1 un resumen de nuestra experiencia.","og_url":"https:\/\/nucleom.ca\/es\/servicios\/asistencia-tecnica\/","og_site_name":"Nucleom","article_publisher":"https:\/\/www.facebook.com\/nucleom\/","article_modified_time":"2023-07-20T18:02:20+00:00","og_image":[{"width":1200,"height":630,"url":"https:\/\/nucleom.ca\/app\/uploads\/2022\/10\/services.png","type":"image\/png"}],"twitter_card":"summary_large_image","twitter_title":"Soporte t\u00e9cnico en END | Nucleom","twitter_description":"\u00bfNecesita soporte t\u00e9cnico en END? Nucleom propone servicios de soporte in situ, calificaci\u00f3n de sistemas y an\u00e1lisis de datos de END. Aqu\u00ed encontrar\u00e1 un resumen de nuestra experiencia.","twitter_image":"https:\/\/nucleom.ca\/app\/uploads\/2022\/10\/services.png","schema":{"@context":"https:\/\/schema.org","@graph":[{"@type":"WebPage","@id":"https:\/\/nucleom.ca\/es\/servicios\/asistencia-tecnica\/","url":"https:\/\/nucleom.ca\/es\/servicios\/asistencia-tecnica\/","name":"Soporte t\u00e9cnico en END | Nucleom","isPartOf":{"@id":"https:\/\/nucleom.ca\/#website"},"datePublished":"2018-04-09T14:59:31+00:00","dateModified":"2023-07-20T18:02:20+00:00","description":"\u00bfNecesita soporte t\u00e9cnico en END? Nucleom propone servicios de soporte in situ, calificaci\u00f3n de sistemas y an\u00e1lisis de datos de END. Aqu\u00ed encontrar\u00e1 un resumen de nuestra experiencia.","breadcrumb":{"@id":"https:\/\/nucleom.ca\/es\/servicios\/asistencia-tecnica\/#breadcrumb"},"inLanguage":"es","potentialAction":[{"@type":"ReadAction","target":["https:\/\/nucleom.ca\/es\/servicios\/asistencia-tecnica\/"]}]},{"@type":"BreadcrumbList","@id":"https:\/\/nucleom.ca\/es\/servicios\/asistencia-tecnica\/#breadcrumb","itemListElement":[{"@type":"ListItem","position":1,"name":"Accueil","item":"https:\/\/nucleom.ca\/"},{"@type":"ListItem","position":2,"name":"Servicios","item":"https:\/\/nucleom.ca\/es\/servicios\/"},{"@type":"ListItem","position":3,"name":"Asistencia t\u00e9cnica"}]},{"@type":"WebSite","@id":"https:\/\/nucleom.ca\/#website","url":"https:\/\/nucleom.ca\/","name":"Nucleom","description":"","potentialAction":[{"@type":"SearchAction","target":{"@type":"EntryPoint","urlTemplate":"https:\/\/nucleom.ca\/?s={search_term_string}"},"query-input":{"@type":"PropertyValueSpecification","valueRequired":true,"valueName":"search_term_string"}}],"inLanguage":"es"}]}},"_links":{"self":[{"href":"https:\/\/nucleom.ca\/es\/wp-json\/wp\/v2\/pages\/255","targetHints":{"allow":["GET"]}}],"collection":[{"href":"https:\/\/nucleom.ca\/es\/wp-json\/wp\/v2\/pages"}],"about":[{"href":"https:\/\/nucleom.ca\/es\/wp-json\/wp\/v2\/types\/page"}],"author":[{"embeddable":true,"href":"https:\/\/nucleom.ca\/es\/wp-json\/wp\/v2\/users\/1"}],"replies":[{"embeddable":true,"href":"https:\/\/nucleom.ca\/es\/wp-json\/wp\/v2\/comments?post=255"}],"version-history":[{"count":33,"href":"https:\/\/nucleom.ca\/es\/wp-json\/wp\/v2\/pages\/255\/revisions"}],"predecessor-version":[{"id":8684,"href":"https:\/\/nucleom.ca\/es\/wp-json\/wp\/v2\/pages\/255\/revisions\/8684"}],"up":[{"embeddable":true,"href":"https:\/\/nucleom.ca\/es\/wp-json\/wp\/v2\/pages\/237"}],"wp:attachment":[{"href":"https:\/\/nucleom.ca\/es\/wp-json\/wp\/v2\/media?parent=255"}],"curies":[{"name":"wp","href":"https:\/\/api.w.org\/{rel}","templated":true}]}}